{"id":3181,"date":"2026-03-07T02:49:29","date_gmt":"2026-03-07T02:49:29","guid":{"rendered":"https:\/\/tovanvape.com\/?page_id=3181"},"modified":"2026-05-08T03:22:02","modified_gmt":"2026-05-08T03:22:02","slug":"terms-of-service","status":"publish","type":"page","link":"https:\/\/tovanvape.com\/de\/terms-of-service\/","title":{"rendered":"Bedingungen der Dienstleistung"},"content":{"rendered":"<p>Willkommen bei TOVANVAPE! Bitte lesen Sie diese Allgemeinen Gesch\u00e4ftsbedingungen sorgf\u00e4ltig durch, bevor Sie unsere Website nutzen. Indem Sie auf unsere Website zugreifen oder einen Kauf t\u00e4tigen, erkl\u00e4ren Sie sich mit diesen Bedingungen einverstanden. Wenn Sie nicht mit allen hier aufgef\u00fchrten Bedingungen einverstanden sind, stellen Sie bitte die Nutzung unserer Website unverz\u00fcglich ein.<\/p>\n\n\n\n<h2 class=\"wp-block-heading\">1. strenge Alters\u00fcberpr\u00fcfung (nur f\u00fcr Erwachsene)<\/h2>\n\n\n\n<p>Vaping-Produkte sind ausschlie\u00dflich f\u00fcr den Gebrauch durch Erwachsene bestimmt. Indem Sie diese Website betreten und eine Bestellung aufgeben, erkl\u00e4ren Sie rechtlich, dass Sie das gesetzliche Mindestalter f\u00fcr das Rauchen in Ihrem Land oder Ihrer Gerichtsbarkeit erf\u00fcllen (in der Regel 18 oder 21 Jahre alt).<\/p>\n\n\n\n<ul class=\"wp-block-list\">\n<li>TOVANVAPE beh\u00e4lt sich das Recht vor, vor der Bearbeitung einer Bestellung eine Identit\u00e4tspr\u00fcfung zu verlangen.<\/li>\n\n\n\n<li>Wenn wir feststellen, dass eine Bestellung von einem Minderj\u00e4hrigen aufgegeben wurde, werden wir die Bestellung sofort stornieren.<\/li>\n<\/ul>\n\n\n\n<h2 class=\"wp-block-heading\">2. internationale Auftr\u00e4ge<\/h2>\n\n\n\n<p>Der Hauptsitz unserer weltweiten Aktivit\u00e4ten befindet sich in Hongkong. Wir versenden an zahlreiche internationale Bestimmungsorte; der K\u00e4ufer ist jedoch selbst daf\u00fcr verantwortlich, die \u00f6rtlichen Einfuhrgesetze zu kennen.<\/p>\n\n\n\n<h2 class=\"wp-block-heading\">3. gesundheitlicher und medizinischer Haftungsausschluss<\/h2>\n\n\n\n<p>Unsere Produkte enthalten Nikotin, eine stark s\u00fcchtig machende Chemikalie.<\/p>\n\n\n\n<p>Alle mit der Verwendung dieser Produkte verbundenen Risiken gehen zu Lasten des K\u00e4ufers. Nikotinprodukte sind nur f\u00fcr Erwachsene geeignet. Konsultieren Sie einen Arzt, bevor Sie ein Nikotinprodukt verwenden.<\/p>\n\n\n\n<h2 class=\"wp-block-heading\">4. urheberrecht und markenrecht<\/h2>\n\n\n\n<p>Der gesamte Inhalt dieser Website - einschlie\u00dflich Text, Grafiken, Logos und Code - ist urheberrechtlich gesch\u00fctzt und ist das ausschlie\u00dfliche Eigentum von TOVANVAPE.<\/p>\n\n\n\n<ul class=\"wp-block-list\">\n<li>Sie d\u00fcrfen Teile dieser Website ausschlie\u00dflich zu dem Zweck elektronisch kopieren oder ausdrucken, um eine Bestellung bei uns aufzugeben.<\/li>\n\n\n\n<li>Jede andere Verwendung, einschlie\u00dflich der Vervielf\u00e4ltigung, \u00dcbersetzung, Verteilung oder \u00dcbertragung von Website-Inhalten zu kommerziellen Zwecken, ist strengstens untersagt, es sei denn, sie wurde von TOVANVAPE schriftlich genehmigt.<\/li>\n<\/ul>\n\n\n\n<h2 class=\"wp-block-heading\">5. Haftungsausschluss und Haftungsbeschr\u00e4nkung<\/h2>\n\n\n\n<ul class=\"wp-block-list\">\n<li><strong>\u201cWie besehen\u201d Basis:<\/strong> Unsere Website und alle Produkte werden ohne M\u00e4ngelgew\u00e4hr und ohne jegliche ausdr\u00fcckliche oder stillschweigende Garantien bereitgestellt.<\/li>\n\n\n\n<li><strong>Begrenzung der Haftung:<\/strong> Soweit gesetzlich zul\u00e4ssig, haftet TOVANVAPE nicht f\u00fcr direkte, indirekte, besondere oder Folgesch\u00e4den, die sich aus der Nutzung oder der Unm\u00f6glichkeit der Nutzung der Materialien auf dieser Website oder der Leistung unserer Vaping-Ger\u00e4te ergeben (z. B. Fehlfunktionen der Batterien oder Missbrauch).<\/li>\n<\/ul>\n\n\n\n<h2 class=\"wp-block-heading\">6. schadensersatz<\/h2>\n\n\n\n<p>Durch die Nutzung unserer Website erkl\u00e4ren Sie sich damit einverstanden, TOVANVAPE, seine leitenden Angestellten, Direktoren, Mitarbeiter und Lieferanten von allen Verlusten, Ausgaben, Sch\u00e4den und Kosten (einschlie\u00dflich angemessener Anwaltskosten) freizustellen, zu verteidigen und schadlos zu halten, die sich aus einem Versto\u00df gegen diese Bedingungen oder aus unrechtm\u00e4\u00dfigen Aktivit\u00e4ten im Zusammenhang mit Ihrem Konto ergeben.<\/p>\n\n\n\n<h2 class=\"wp-block-heading\">7. geltendes Recht und Streitbeilegung<\/h2>\n\n\n\n<p>Diese Allgemeinen Gesch\u00e4ftsbedingungen unterliegen den Gesetzen von Hongkong und werden in \u00dcbereinstimmung mit diesen ausgelegt, ohne R\u00fccksicht auf die Grunds\u00e4tze des Kollisionsrechts. Alle Streitigkeiten oder Anspr\u00fcche, die sich aus der Nutzung dieser Website oder dem Kauf von Produkten ergeben, sind ausschlie\u00dflich vor den zust\u00e4ndigen Gerichten in Hongkong zu kl\u00e4ren.<\/p>\n\n\n\n<h2 class=\"wp-block-heading\">8.Sonstiges<\/h2>\n\n\n\n<ul class=\"wp-block-list\">\n<li><strong>Beendigung:<\/strong> Wir behalten uns das Recht vor, Ihren Zugang zur Website jederzeit ohne Vorank\u00fcndigung zu sperren oder Bestellungen zu stornieren, wenn wir der Meinung sind, dass Ihr Verhalten gegen diese Bedingungen verst\u00f6\u00dft.<\/li>\n\n\n\n<li><strong>Links von Drittanbietern:<\/strong> Unsere Website kann Links zu externen Websites enthalten, um Ihnen den Zugang zu erleichtern. Wir haben keine Kontrolle \u00fcber diese Websites und sind nicht f\u00fcr deren Datenschutzpraktiken oder Inhalte verantwortlich.<\/li>\n\n\n\n<li><strong>Modifikationen:<\/strong> TOVANVAPE beh\u00e4lt sich das Recht vor, diese Bedingungen jederzeit und ohne vorherige Ank\u00fcndigung zu aktualisieren oder zu \u00e4ndern.<\/li>\n<\/ul>","protected":false},"excerpt":{"rendered":"<p>Welcome to TOVANVAPE! Please read these Terms and Conditions carefully before using our website. By accessing our site or making a purchase, you agree to be bound by these terms. If you do not agree with all the terms outlined here, please discontinue using our website immediately. 1.Strict Age Verification (Adults Only) Vaping products are [&hellip;]<\/p>\n","protected":false},"author":1,"featured_media":0,"parent":0,"menu_order":0,"comment_status":"closed","ping_status":"closed","template":"","meta":{"_uag_custom_page_level_css":"","site-sidebar-layout":"default","site-content-layout":"","ast-site-content-layout":"default","site-content-style":"default","site-sidebar-style":"default","ast-global-header-display":"","ast-banner-title-visibility":"","ast-main-header-display":"","ast-hfb-above-header-display":"","ast-hfb-below-header-display":"","ast-hfb-mobile-header-display":"","site-post-title":"","ast-breadcrumbs-content":"","ast-featured-img":"","footer-sml-layout":"","ast-disable-related-posts":"","theme-transparent-header-meta":"","adv-header-id-meta":"","stick-header-meta":"","header-above-stick-meta":"","header-main-stick-meta":"","header-below-stick-meta":"","astra-migrate-meta-layouts":"set","ast-page-background-enabled":"default","ast-page-background-meta":{"desktop":{"background-color":"","background-image":"","background-repeat":"repeat","background-position":"center center","background-size":"auto","background-attachment":"scroll","background-type":"","background-media":"","overlay-type":"","overlay-color":"","overlay-opacity":"","overlay-gradient":""},"tablet":{"background-color":"","background-image":"","background-repeat":"repeat","background-position":"center center","background-size":"auto","background-attachment":"scroll","background-type":"","background-media":"","overlay-type":"","overlay-color":"","overlay-opacity":"","overlay-gradient":""},"mobile":{"background-color":"","background-image":"","background-repeat":"repeat","background-position":"center center","background-size":"auto","background-attachment":"scroll","background-type":"","background-media":"","overlay-type":"","overlay-color":"","overlay-opacity":"","overlay-gradient":""}},"ast-content-background-meta":{"desktop":{"background-color":"var(--ast-global-color-5)","background-image":"","background-repeat":"repeat","background-position":"center center","background-size":"auto","background-attachment":"scroll","background-type":"","background-media":"","overlay-type":"","overlay-color":"","overlay-opacity":"","overlay-gradient":""},"tablet":{"background-color":"var(--ast-global-color-5)","background-image":"","background-repeat":"repeat","background-position":"center center","background-size":"auto","background-attachment":"scroll","background-type":"","background-media":"","overlay-type":"","overlay-color":"","overlay-opacity":"","overlay-gradient":""},"mobile":{"background-color":"var(--ast-global-color-5)","background-image":"","background-repeat":"repeat","background-position":"center center","background-size":"auto","background-attachment":"scroll","background-type":"","background-media":"","overlay-type":"","overlay-color":"","overlay-opacity":"","overlay-gradient":""}},"footnotes":""},"class_list":["post-3181","page","type-page","status-publish","hentry"],"uagb_featured_image_src":{"full":false,"thumbnail":false,"medium":false,"medium_large":false,"large":false,"1536x1536":false,"2048x2048":false,"trp-custom-language-flag":false,"woocommerce_thumbnail":false,"woocommerce_single":false,"woocommerce_gallery_thumbnail":false},"uagb_author_info":{"display_name":"Allen Brooks | TOVANVAPE","author_link":"https:\/\/tovanvape.com\/de\/author\/info137597info137597-com\/"},"uagb_comment_info":0,"uagb_excerpt":"Welcome to TOVANVAPE! Please read these Terms and Conditions carefully before using our website. By accessing our site or making a purchase, you agree to be bound by these terms. If you do not agree with all the terms outlined here, please discontinue using our website immediately. 1.Strict Age Verification (Adults Only) Vaping products are&hellip;","_links":{"self":[{"href":"https:\/\/tovanvape.com\/de\/wp-json\/wp\/v2\/pages\/3181","targetHints":{"allow":["GET"]}}],"collection":[{"href":"https:\/\/tovanvape.com\/de\/wp-json\/wp\/v2\/pages"}],"about":[{"href":"https:\/\/tovanvape.com\/de\/wp-json\/wp\/v2\/types\/page"}],"author":[{"embeddable":true,"href":"https:\/\/tovanvape.com\/de\/wp-json\/wp\/v2\/users\/1"}],"replies":[{"embeddable":true,"href":"https:\/\/tovanvape.com\/de\/wp-json\/wp\/v2\/comments?post=3181"}],"version-history":[{"count":5,"href":"https:\/\/tovanvape.com\/de\/wp-json\/wp\/v2\/pages\/3181\/revisions"}],"predecessor-version":[{"id":4251,"href":"https:\/\/tovanvape.com\/de\/wp-json\/wp\/v2\/pages\/3181\/revisions\/4251"}],"wp:attachment":[{"href":"https:\/\/tovanvape.com\/de\/wp-json\/wp\/v2\/media?parent=3181"}],"curies":[{"name":"wp","href":"https:\/\/api.w.org\/{rel}","templated":true}]}}