{"id":4012,"date":"2026-03-07T02:49:29","date_gmt":"2026-03-07T02:49:29","guid":{"rendered":"https:\/\/tovanvape.com\/?page_id=4012"},"modified":"2026-05-08T03:22:19","modified_gmt":"2026-05-08T03:22:19","slug":"shipping-policy","status":"publish","type":"page","link":"https:\/\/tovanvape.com\/de\/shipping-policy\/","title":{"rendered":"Versandpolitik"},"content":{"rendered":"<p>Bei TOVANVAPE bem\u00fchen wir uns, unseren Kunden weltweit einen schnellen, zuverl\u00e4ssigen und problemlosen Versand zu bieten. Bitte lesen Sie unsere Versandrichtlinien sorgf\u00e4ltig durch, um unsere Bearbeitungszeiten, Tracking-Verfahren und unseren Premium-DDP-Service (Delivery Duty Paid) zu verstehen.<\/p>\n\n\n\n<h2 class=\"wp-block-heading\">1. Auftragsabwicklung &amp; Versandzeiten<\/h2>\n\n\n\n<ul class=\"wp-block-list\">\n<li><strong>Bearbeitungszeit:<\/strong> Alle Bestellungen werden innerhalb von 1 bis 3 Werktagen nach Zahlungsbest\u00e4tigung bearbeitet und von unserem Lager versandt.<\/li>\n\n\n\n<li><strong>Gesch\u00e4ftstage:<\/strong> Bitte beachten Sie, dass unser Lager von Montag bis Freitag ge\u00f6ffnet ist. An Wochenenden und Feiertagen werden keine Bestellungen bearbeitet oder versendet.<\/li>\n\n\n\n<li><strong>Allgemeine Lieferzeiten:<\/strong> Je nach Standort dauert die internationale Standardlieferung in der Regel zwischen 7 und 15 Werktagen nach Versand.<\/li>\n<\/ul>\n\n\n\n<h2 class=\"wp-block-heading\">2. Verfolgung Ihrer Bestellung<\/h2>\n\n\n\n<ul class=\"wp-block-list\">\n<li><strong>Verfolgungsnummer:<\/strong> Sobald Ihre Bestellung an den Spediteur \u00fcbergeben wurde, erhalten Sie eine E-Mail mit den Informationen zur Sendungsverfolgung.<\/li>\n\n\n\n<li><strong>Wie man sie verfolgt:<\/strong> Sie k\u00f6nnen den Status Ihrer Sendung in Echtzeit mit der von Ihnen angegebenen Sendungsnummer \u00fcber diese universelle Tracking-Plattform verfolgen: www.17track.net\/en.<\/li>\n\n\n\n<li><strong>Anmerkung:<\/strong> Bitte warten Sie 1 bis 2 Werktage nach Erhalt Ihrer Versandbest\u00e4tigung, bis die Aktualisierungen der Sendungsverfolgung im System des Versandunternehmens erscheinen.<\/li>\n<\/ul>\n\n\n\n<h2 class=\"wp-block-heading\">3. Auftragsstornierungen und Adress\u00e4nderungen<\/h2>\n\n\n\n<p>Wir bearbeiten Bestellungen schnell, um eine schnelle Lieferung zu gew\u00e4hrleisten. Daher haben wir eine strenge Politik in Bezug auf Auftrags\u00e4nderungen:<\/p>\n\n\n\n<ul class=\"wp-block-list\">\n<li><strong>Vor der Auslieferung:<\/strong> Sie haben die M\u00f6glichkeit, Ihre Bestellung zu stornieren oder Ihre Lieferadresse zu \u00e4ndern, bevor die Produkte unser Lager verlassen. Bitte wenden Sie sich umgehend an den Kundendienst, um \u00c4nderungen zu beantragen.<\/li>\n\n\n\n<li><strong>Nach dem Versand (Entscheidend):<\/strong> Sobald eine Bestellung versandt wurde und eine Tracking-Nummer generiert wurde, ist es uns nicht mehr m\u00f6glich, Stornierungen zu bearbeiten, R\u00fcckerstattungen auszustellen oder die Lieferadresse zu \u00e4ndern. Bitte \u00fcberpr\u00fcfen Sie Ihre Versanddetails beim Checkout.<\/li>\n<\/ul>\n\n\n\n<h2 class=\"wp-block-heading\">4. Z\u00f6lle, Abgaben &amp; DDP-Service (Delivery Duty Paid)<\/h2>\n\n\n\n<p>Wir sind stolz darauf, f\u00fcr viele unserer wichtigsten M\u00e4rkte eine DDP-Versandmethode (Delivery Duty Paid) anbieten zu k\u00f6nnen. Dies ist ein erstklassiger, unkomplizierter Service f\u00fcr unsere Kunden.<\/p>\n\n\n\n<p><strong>Was DDP f\u00fcr Sie bedeutet:<\/strong> Wenn Ihr Land f\u00fcr DDP in Frage kommt, wickeln wir alle Zollabfertigungsverfahren ab und zahlen alle Einfuhrsteuern und Abgaben in Ihrem Namen. Der Preis, den Sie an der Kasse sehen, ist der Endpreis. Sie werden keine versteckten Zollgeb\u00fchren oder Verz\u00f6gerungen bei der Abfertigung bei Ihrer Ankunft erleben.<\/p>\n\n\n\n<h3 class=\"wp-block-heading\">F\u00f6rderf\u00e4hige DDP-Regionen:<\/h3>\n\n\n\n<ul class=\"wp-block-list\">\n<li><strong>USA:<\/strong> Der Versand erfolgt per UPS Express (au\u00dfer Alaska und Hawaii).<\/li>\n\n\n\n<li><strong>UK:<\/strong> Der Versand erfolgt per DPD Express.<\/li>\n\n\n\n<li><strong>Europa:<\/strong> Der Versand erfolgt mit UPS, DPD oder DHL Express.<\/li>\n<\/ul>\n\n\n\n<h2 class=\"wp-block-heading\">5. Versandzeiten nach Land<\/h2>\n\n\n\n<p>Nachstehend finden Sie eine detaillierte Liste der L\u00e4nder, die f\u00fcr unsere DDP-Methode in Frage kommen, zusammen mit den gesch\u00e4tzten Versandzeiten. (Bitte beachten Sie, dass es sich hierbei um gesch\u00e4tzte Fristen handelt, die durch extreme Wetterbedingungen oder Feiertage beeinflusst werden k\u00f6nnen).<\/p>\n\n\n\n<figure class=\"wp-block-table\"><table class=\"has-fixed-layout\"><tbody><tr><td><strong>LAND&nbsp;<\/strong><\/td><td><strong>VERSANDART<\/strong><\/td><td><strong>VERSANDZEIT<\/strong><\/td><\/tr><tr><td>USA<\/td><td>Lokaler UPS Ground<\/td><td>10-15 Tage<\/td><\/tr><tr><td>UK<\/td><td>Lokaler DPD-Express<\/td><td>7-12 Tage<\/td><\/tr><tr><td>Deutschland<\/td><td>UPS\/DPD\/DHL Deutschland<\/td><td>8-13 Tage<\/td><\/tr><tr><td>Frankreich<\/td><td>UPS\/DPD\/DHL Deutschland<\/td><td>8-13 Tage<\/td><\/tr><tr><td>Belgien<\/td><td>UPS\/DPD\/DHL Deutschland<\/td><td>8-13 Tage<\/td><\/tr><tr><td>Luxemburg<\/td><td>UPS\/DPD\/DHL Deutschland<\/td><td>8-13 Tage<\/td><\/tr><tr><td>Niederlande<\/td><td>UPS\/DPD\/DHL Deutschland<\/td><td>8-13 Tage<\/td><\/tr><tr><td>Tschechische Republik<\/td><td>UPS\/DPD\/DHL Deutschland<\/td><td>8-13 Tage<\/td><\/tr><tr><td>Polen<\/td><td>UPS\/DPD\/DHL Deutschland<\/td><td>8-13 Tage<\/td><\/tr><tr><td>Kroatien<\/td><td>UPS\/DPD\/DHL Deutschland<\/td><td>8-13 Tage<\/td><\/tr><tr><td>Slowakei<\/td><td>UPS\/DPD\/DHL Deutschland<\/td><td>8-13 Tage<\/td><\/tr><tr><td>Slowenien<\/td><td>UPS\/DPD\/DHL Deutschland<\/td><td>8-13 Tage<\/td><\/tr><tr><td>Finnland<\/td><td>UPS\/DPD\/DHL Deutschland<\/td><td>8-13 Tage<\/td><\/tr><tr><td>D\u00e4nemark<\/td><td>UPS\/DPD\/DHL Deutschland<\/td><td>8-13 Tage<\/td><\/tr><tr><td>Schweden<\/td><td>UPS\/DPD\/DHL Deutschland<\/td><td>8-13 Tage<\/td><\/tr><tr><td>\u00d6sterreich<\/td><td>UPS\/DPD\/DHL Deutschland<\/td><td>8-13 Tage<\/td><\/tr><tr><td>Italien<\/td><td>UPS\/DPD\/DHL Deutschland<\/td><td>8-13 Tage<\/td><\/tr><tr><td>Ungarn<\/td><td>UPS\/DPD\/DHL Deutschland<\/td><td>8-13 Tage<\/td><\/tr><tr><td>Litauen<\/td><td>UPS\/DPD\/DHL Deutschland<\/td><td>8-13 Tage<\/td><\/tr><tr><td>Estland<\/td><td>UPS\/DPD\/DHL Deutschland<\/td><td>8-13 Tage<\/td><\/tr><tr><td>Lettland<\/td><td>UPS\/DPD\/DHL Deutschland<\/td><td>8-13 Tage<\/td><\/tr><tr><td>Griechenland<\/td><td>UPS\/DPD\/DHL Deutschland<\/td><td>8-13 Tage<\/td><\/tr><tr><td>Irland<\/td><td>UPS\/DPD\/DHL Deutschland<\/td><td>8-13 Tage<\/td><\/tr><tr><td>Portugal<\/td><td>UPS\/DPD\/DHL Deutschland<\/td><td>8-13 Tage<\/td><\/tr><tr><td>Spanien<\/td><td>UPS\/DPD\/DHL Deutschland<\/td><td>8-13 Tage<\/td><\/tr><tr><td>UAE (Dubai)<\/td><td>Standleitung Dubai<\/td><td>12-18 Tage<\/td><\/tr><tr><td>S\u00fcdafrika<\/td><td>S\u00fcdafrika Standleitung<\/td><td>15-25 Tage<\/td><\/tr><tr><td>Vietnam<\/td><td>Standleitung Vietnam<\/td><td>3-5 Tage<\/td><\/tr><tr><td>Westmalaysia<\/td><td>Standleitung Malaysia<\/td><td>4-8 Tage<\/td><\/tr><\/tbody><\/table><\/figure>","protected":false},"excerpt":{"rendered":"<p>At TOVANVAPE, we strive to provide our global customers with fast, reliable, and hassle-free shipping services. Please read our shipping policy carefully to understand our processing times, tracking procedures, and our premium DDP (Delivery Duty Paid) service. 1. Order Processing &amp; Shipping Times 2. Tracking Your Order 3. Order Cancellations &amp; Address Changes We process [&hellip;]<\/p>\n","protected":false},"author":1,"featured_media":0,"parent":0,"menu_order":0,"comment_status":"closed","ping_status":"closed","template":"","meta":{"_uag_custom_page_level_css":"","site-sidebar-layout":"default","site-content-layout":"","ast-site-content-layout":"default","site-content-style":"default","site-sidebar-style":"default","ast-global-header-display":"","ast-banner-title-visibility":"","ast-main-header-display":"","ast-hfb-above-header-display":"","ast-hfb-below-header-display":"","ast-hfb-mobile-header-display":"","site-post-title":"","ast-breadcrumbs-content":"","ast-featured-img":"","footer-sml-layout":"","ast-disable-related-posts":"","theme-transparent-header-meta":"","adv-header-id-meta":"","stick-header-meta":"","header-above-stick-meta":"","header-main-stick-meta":"","header-below-stick-meta":"","astra-migrate-meta-layouts":"set","ast-page-background-enabled":"default","ast-page-background-meta":{"desktop":{"background-color":"","background-image":"","background-repeat":"repeat","background-position":"center center","background-size":"auto","background-attachment":"scroll","background-type":"","background-media":"","overlay-type":"","overlay-color":"","overlay-opacity":"","overlay-gradient":""},"tablet":{"background-color":"","background-image":"","background-repeat":"repeat","background-position":"center center","background-size":"auto","background-attachment":"scroll","background-type":"","background-media":"","overlay-type":"","overlay-color":"","overlay-opacity":"","overlay-gradient":""},"mobile":{"background-color":"","background-image":"","background-repeat":"repeat","background-position":"center center","background-size":"auto","background-attachment":"scroll","background-type":"","background-media":"","overlay-type":"","overlay-color":"","overlay-opacity":"","overlay-gradient":""}},"ast-content-background-meta":{"desktop":{"background-color":"var(--ast-global-color-5)","background-image":"","background-repeat":"repeat","background-position":"center center","background-size":"auto","background-attachment":"scroll","background-type":"","background-media":"","overlay-type":"","overlay-color":"","overlay-opacity":"","overlay-gradient":""},"tablet":{"background-color":"var(--ast-global-color-5)","background-image":"","background-repeat":"repeat","background-position":"center center","background-size":"auto","background-attachment":"scroll","background-type":"","background-media":"","overlay-type":"","overlay-color":"","overlay-opacity":"","overlay-gradient":""},"mobile":{"background-color":"var(--ast-global-color-5)","background-image":"","background-repeat":"repeat","background-position":"center center","background-size":"auto","background-attachment":"scroll","background-type":"","background-media":"","overlay-type":"","overlay-color":"","overlay-opacity":"","overlay-gradient":""}},"footnotes":""},"class_list":["post-4012","page","type-page","status-publish","hentry"],"uagb_featured_image_src":{"full":false,"thumbnail":false,"medium":false,"medium_large":false,"large":false,"1536x1536":false,"2048x2048":false,"trp-custom-language-flag":false,"woocommerce_thumbnail":false,"woocommerce_single":false,"woocommerce_gallery_thumbnail":false},"uagb_author_info":{"display_name":"Allen Brooks | TOVANVAPE","author_link":"https:\/\/tovanvape.com\/de\/author\/info137597info137597-com\/"},"uagb_comment_info":0,"uagb_excerpt":"At TOVANVAPE, we strive to provide our global customers with fast, reliable, and hassle-free shipping services. Please read our shipping policy carefully to understand our processing times, tracking procedures, and our premium DDP (Delivery Duty Paid) service. 1. Order Processing &amp; Shipping Times 2. Tracking Your Order 3. Order Cancellations &amp; Address Changes We process&hellip;","_links":{"self":[{"href":"https:\/\/tovanvape.com\/de\/wp-json\/wp\/v2\/pages\/4012","targetHints":{"allow":["GET"]}}],"collection":[{"href":"https:\/\/tovanvape.com\/de\/wp-json\/wp\/v2\/pages"}],"about":[{"href":"https:\/\/tovanvape.com\/de\/wp-json\/wp\/v2\/types\/page"}],"author":[{"embeddable":true,"href":"https:\/\/tovanvape.com\/de\/wp-json\/wp\/v2\/users\/1"}],"replies":[{"embeddable":true,"href":"https:\/\/tovanvape.com\/de\/wp-json\/wp\/v2\/comments?post=4012"}],"version-history":[{"count":4,"href":"https:\/\/tovanvape.com\/de\/wp-json\/wp\/v2\/pages\/4012\/revisions"}],"predecessor-version":[{"id":4250,"href":"https:\/\/tovanvape.com\/de\/wp-json\/wp\/v2\/pages\/4012\/revisions\/4250"}],"wp:attachment":[{"href":"https:\/\/tovanvape.com\/de\/wp-json\/wp\/v2\/media?parent=4012"}],"curies":[{"name":"wp","href":"https:\/\/api.w.org\/{rel}","templated":true}]}}