{"id":3181,"date":"2026-03-07T02:49:29","date_gmt":"2026-03-07T02:49:29","guid":{"rendered":"https:\/\/tovanvape.com\/?page_id=3181"},"modified":"2026-05-08T03:22:02","modified_gmt":"2026-05-08T03:22:02","slug":"terms-of-service","status":"publish","type":"page","link":"https:\/\/tovanvape.com\/es\/terms-of-service\/","title":{"rendered":"Condiciones de uso"},"content":{"rendered":"<p>\u00a1Bienvenido a TOVANVAPE! Por favor, lea atentamente estos T\u00e9rminos y Condiciones antes de utilizar nuestro sitio web. Al acceder a nuestro sitio o realizar una compra, usted acepta quedar vinculado por estos t\u00e9rminos. Si no est\u00e1 de acuerdo con todos los t\u00e9rminos aqu\u00ed expuestos, le rogamos que deje de utilizar nuestro sitio web inmediatamente.<\/p>\n\n\n\n<h2 class=\"wp-block-heading\">1.Verificaci\u00f3n estricta de la edad (s\u00f3lo adultos)<\/h2>\n\n\n\n<p>Los productos de vapeo son estrictamente para uso de adultos. Al entrar en este sitio web y realizar un pedido, usted declara legalmente que cumple la edad m\u00ednima legal para fumar en su pa\u00eds o jurisdicci\u00f3n espec\u00edfica (normalmente 18 o 21 a\u00f1os).<\/p>\n\n\n\n<ul class=\"wp-block-list\">\n<li>TOVANVAPE se reserva el derecho de solicitar la verificaci\u00f3n de identidad antes de procesar cualquier pedido.<\/li>\n\n\n\n<li>Si determinamos que un menor ha realizado un pedido, lo anularemos inmediatamente.<\/li>\n<\/ul>\n\n\n\n<h2 class=\"wp-block-heading\">2.Pedidos internacionales<\/h2>\n\n\n\n<p>Nuestras operaciones globales tienen su sede en Hong Kong. Realizamos env\u00edos a numerosos destinos internacionales; sin embargo, el comprador es estrictamente responsable de conocer sus leyes locales de importaci\u00f3n.<\/p>\n\n\n\n<h2 class=\"wp-block-heading\">3.Descargo de responsabilidad m\u00e9dico-sanitaria<\/h2>\n\n\n\n<p>Nuestros productos contienen nicotina, una sustancia qu\u00edmica altamente adictiva.<\/p>\n\n\n\n<p>Todos los riesgos asociados al uso de estos productos corren a cargo del comprador. Los productos de nicotina son para uso exclusivo de adultos. Consulte a un profesional m\u00e9dico antes de utilizar cualquier producto de nicotina.<\/p>\n\n\n\n<h2 class=\"wp-block-heading\">4.Derechos de autor y marcas registradas<\/h2>\n\n\n\n<p>Todo el contenido de este sitio, incluidos textos, gr\u00e1ficos, logotipos y c\u00f3digos, est\u00e1 protegido por las leyes de propiedad intelectual y es propiedad exclusiva de TOVANVAPE.<\/p>\n\n\n\n<ul class=\"wp-block-list\">\n<li>Puede copiar electr\u00f3nicamente o imprimir partes de este sitio con el \u00fanico fin de hacernos un pedido.<\/li>\n\n\n\n<li>Cualquier otro uso, incluyendo la reproducci\u00f3n, traducci\u00f3n, distribuci\u00f3n o transmisi\u00f3n del contenido del sitio con fines comerciales, est\u00e1 estrictamente prohibido salvo autorizaci\u00f3n por escrito de TOVANVAPE.<\/li>\n<\/ul>\n\n\n\n<h2 class=\"wp-block-heading\">5. Renuncia de garant\u00eda y limitaci\u00f3n de responsabilidad<\/h2>\n\n\n\n<ul class=\"wp-block-list\">\n<li><strong>\u201cTal cual\u201d:<\/strong> Nuestro sitio web y todos los productos se proporcionan \u201ctal cual\u201d y \u201cseg\u00fan disponibilidad\u201d, sin garant\u00edas de ning\u00fan tipo, ni expresas ni impl\u00edcitas.<\/li>\n\n\n\n<li><strong>Limitaci\u00f3n de responsabilidad:<\/strong> En la m\u00e1xima medida permitida por la ley, TOVANVAPE no ser\u00e1 responsable de ning\u00fan da\u00f1o directo, indirecto, especial o consecuente que resulte del uso o de la incapacidad de usar los materiales de este sitio o del funcionamiento de nuestros dispositivos de vaping (por ejemplo, mal funcionamiento o uso indebido de la bater\u00eda).<\/li>\n<\/ul>\n\n\n\n<h2 class=\"wp-block-heading\">6.Indemnizaci\u00f3n<\/h2>\n\n\n\n<p>Al utilizar nuestro sitio web, usted acepta indemnizar, defender y mantener indemne a TOVANVAPE, sus funcionarios, directores, empleados y proveedores de y contra todas las p\u00e9rdidas, gastos, da\u00f1os y costos (incluyendo honorarios razonables de abogados) resultantes de cualquier violaci\u00f3n de estos t\u00e9rminos o cualquier actividad il\u00edcita relacionada con su cuenta.<\/p>\n\n\n\n<h2 class=\"wp-block-heading\">7.Ley aplicable y resoluci\u00f3n de litigios<\/h2>\n\n\n\n<p>Los presentes T\u00e9rminos y Condiciones se rigen e interpretan de conformidad con la legislaci\u00f3n de Hong Kong, sin tener en cuenta sus principios sobre conflicto de leyes. Cualquier disputa o reclamaci\u00f3n derivada del uso de este sitio web o de la compra de productos se resolver\u00e1 exclusivamente en los tribunales competentes de Hong Kong.<\/p>\n\n\n\n<h2 class=\"wp-block-heading\">8.Varios<\/h2>\n\n\n\n<ul class=\"wp-block-list\">\n<li><strong>Terminaci\u00f3n:<\/strong> Nos reservamos el derecho a interrumpir su acceso al sitio o cancelar pedidos en cualquier momento sin previo aviso por conductas que consideremos que infringen estas Condiciones.<\/li>\n\n\n\n<li><strong>Enlaces de terceros:<\/strong> Nuestro sitio puede contener enlaces a sitios web externos para su comodidad. No controlamos estos sitios y no somos responsables de sus pr\u00e1cticas de privacidad o contenido.<\/li>\n\n\n\n<li><strong>Modificaciones:<\/strong> TOVANVAPE se reserva el derecho de actualizar o modificar estas Condiciones en cualquier momento sin previo aviso.<\/li>\n<\/ul>","protected":false},"excerpt":{"rendered":"<p>Welcome to TOVANVAPE! Please read these Terms and Conditions carefully before using our website. By accessing our site or making a purchase, you agree to be bound by these terms. If you do not agree with all the terms outlined here, please discontinue using our website immediately. 1.Strict Age Verification (Adults Only) Vaping products are [&hellip;]<\/p>\n","protected":false},"author":1,"featured_media":0,"parent":0,"menu_order":0,"comment_status":"closed","ping_status":"closed","template":"","meta":{"_uag_custom_page_level_css":"","site-sidebar-layout":"default","site-content-layout":"","ast-site-content-layout":"default","site-content-style":"default","site-sidebar-style":"default","ast-global-header-display":"","ast-banner-title-visibility":"","ast-main-header-display":"","ast-hfb-above-header-display":"","ast-hfb-below-header-display":"","ast-hfb-mobile-header-display":"","site-post-title":"","ast-breadcrumbs-content":"","ast-featured-img":"","footer-sml-layout":"","ast-disable-related-posts":"","theme-transparent-header-meta":"","adv-header-id-meta":"","stick-header-meta":"","header-above-stick-meta":"","header-main-stick-meta":"","header-below-stick-meta":"","astra-migrate-meta-layouts":"set","ast-page-background-enabled":"default","ast-page-background-meta":{"desktop":{"background-color":"","background-image":"","background-repeat":"repeat","background-position":"center center","background-size":"auto","background-attachment":"scroll","background-type":"","background-media":"","overlay-type":"","overlay-color":"","overlay-opacity":"","overlay-gradient":""},"tablet":{"background-color":"","background-image":"","background-repeat":"repeat","background-position":"center center","background-size":"auto","background-attachment":"scroll","background-type":"","background-media":"","overlay-type":"","overlay-color":"","overlay-opacity":"","overlay-gradient":""},"mobile":{"background-color":"","background-image":"","background-repeat":"repeat","background-position":"center center","background-size":"auto","background-attachment":"scroll","background-type":"","background-media":"","overlay-type":"","overlay-color":"","overlay-opacity":"","overlay-gradient":""}},"ast-content-background-meta":{"desktop":{"background-color":"var(--ast-global-color-5)","background-image":"","background-repeat":"repeat","background-position":"center center","background-size":"auto","background-attachment":"scroll","background-type":"","background-media":"","overlay-type":"","overlay-color":"","overlay-opacity":"","overlay-gradient":""},"tablet":{"background-color":"var(--ast-global-color-5)","background-image":"","background-repeat":"repeat","background-position":"center center","background-size":"auto","background-attachment":"scroll","background-type":"","background-media":"","overlay-type":"","overlay-color":"","overlay-opacity":"","overlay-gradient":""},"mobile":{"background-color":"var(--ast-global-color-5)","background-image":"","background-repeat":"repeat","background-position":"center center","background-size":"auto","background-attachment":"scroll","background-type":"","background-media":"","overlay-type":"","overlay-color":"","overlay-opacity":"","overlay-gradient":""}},"footnotes":""},"class_list":["post-3181","page","type-page","status-publish","hentry"],"uagb_featured_image_src":{"full":false,"thumbnail":false,"medium":false,"medium_large":false,"large":false,"1536x1536":false,"2048x2048":false,"trp-custom-language-flag":false,"woocommerce_thumbnail":false,"woocommerce_single":false,"woocommerce_gallery_thumbnail":false},"uagb_author_info":{"display_name":"Allen Brooks | TOVANVAPE","author_link":"https:\/\/tovanvape.com\/es\/author\/info137597info137597-com\/"},"uagb_comment_info":0,"uagb_excerpt":"Welcome to TOVANVAPE! Please read these Terms and Conditions carefully before using our website. By accessing our site or making a purchase, you agree to be bound by these terms. If you do not agree with all the terms outlined here, please discontinue using our website immediately. 1.Strict Age Verification (Adults Only) Vaping products are&hellip;","_links":{"self":[{"href":"https:\/\/tovanvape.com\/es\/wp-json\/wp\/v2\/pages\/3181","targetHints":{"allow":["GET"]}}],"collection":[{"href":"https:\/\/tovanvape.com\/es\/wp-json\/wp\/v2\/pages"}],"about":[{"href":"https:\/\/tovanvape.com\/es\/wp-json\/wp\/v2\/types\/page"}],"author":[{"embeddable":true,"href":"https:\/\/tovanvape.com\/es\/wp-json\/wp\/v2\/users\/1"}],"replies":[{"embeddable":true,"href":"https:\/\/tovanvape.com\/es\/wp-json\/wp\/v2\/comments?post=3181"}],"version-history":[{"count":5,"href":"https:\/\/tovanvape.com\/es\/wp-json\/wp\/v2\/pages\/3181\/revisions"}],"predecessor-version":[{"id":4251,"href":"https:\/\/tovanvape.com\/es\/wp-json\/wp\/v2\/pages\/3181\/revisions\/4251"}],"wp:attachment":[{"href":"https:\/\/tovanvape.com\/es\/wp-json\/wp\/v2\/media?parent=3181"}],"curies":[{"name":"wp","href":"https:\/\/api.w.org\/{rel}","templated":true}]}}