{"id":3181,"date":"2026-03-07T02:49:29","date_gmt":"2026-03-07T02:49:29","guid":{"rendered":"https:\/\/tovanvape.com\/?page_id=3181"},"modified":"2026-05-08T03:22:02","modified_gmt":"2026-05-08T03:22:02","slug":"terms-of-service","status":"publish","type":"page","link":"https:\/\/tovanvape.com\/fr\/terms-of-service\/","title":{"rendered":"Conditions d'utilisation"},"content":{"rendered":"<p>Bienvenue sur le site TOVANVAPE ! Veuillez lire attentivement les pr\u00e9sentes conditions g\u00e9n\u00e9rales avant d'utiliser notre site web. En acc\u00e9dant \u00e0 notre site ou en effectuant un achat, vous acceptez d'\u00eatre li\u00e9 par ces conditions. Si vous n'\u00eates pas d'accord avec toutes les conditions \u00e9nonc\u00e9es ici, veuillez cesser imm\u00e9diatement d'utiliser notre site web.<\/p>\n\n\n\n<h2 class=\"wp-block-heading\">1. v\u00e9rification stricte de l'\u00e2ge (adultes uniquement)<\/h2>\n\n\n\n<p>Les produits de vapotage sont strictement r\u00e9serv\u00e9s \u00e0 un usage adulte. En acc\u00e9dant \u00e0 ce site Web et en passant une commande, vous d\u00e9clarez l\u00e9galement que vous avez l'\u00e2ge minimum l\u00e9gal pour fumer dans votre pays ou juridiction (g\u00e9n\u00e9ralement 18 ou 21 ans).<\/p>\n\n\n\n<ul class=\"wp-block-list\">\n<li>TOVANVAPE se r\u00e9serve le droit de demander une v\u00e9rification d'identit\u00e9 avant de traiter toute commande.<\/li>\n\n\n\n<li>Si nous constatons qu'une commande a \u00e9t\u00e9 pass\u00e9e par un mineur, nous l'annulerons imm\u00e9diatement.<\/li>\n<\/ul>\n\n\n\n<h2 class=\"wp-block-heading\">2. les commandes internationales<\/h2>\n\n\n\n<p>Le si\u00e8ge de nos op\u00e9rations mondiales se trouve \u00e0 Hong Kong. Nous exp\u00e9dions vers de nombreuses destinations internationales ; toutefois, l'acheteur est strictement responsable de la compr\u00e9hension de la l\u00e9gislation locale en mati\u00e8re d'importation.<\/p>\n\n\n\n<h2 class=\"wp-block-heading\">3. Sant\u00e9 et m\u00e9decine Disclaimer<\/h2>\n\n\n\n<p>Nos produits contiennent de la nicotine, une substance chimique qui cr\u00e9e une forte d\u00e9pendance.<\/p>\n\n\n\n<p>Tous les risques li\u00e9s \u00e0 l'utilisation de ces produits sont support\u00e9s par l'acheteur. Les produits \u00e0 base de nicotine sont r\u00e9serv\u00e9s \u00e0 un usage adulte. Consultez un professionnel de la sant\u00e9 avant d'utiliser un produit \u00e0 base de nicotine.<\/p>\n\n\n\n<h2 class=\"wp-block-heading\">4. droits d'auteur et marques d\u00e9pos\u00e9es<\/h2>\n\n\n\n<p>Tout le contenu de ce site - y compris les textes, les graphiques, les logos et les codes - est prot\u00e9g\u00e9 par les lois sur les droits d'auteur et est la propri\u00e9t\u00e9 exclusive de TOVANVAPE.<\/p>\n\n\n\n<ul class=\"wp-block-list\">\n<li>Vous pouvez copier \u00e9lectroniquement ou imprimer des parties de ce site uniquement dans le but de passer une commande aupr\u00e8s de nous.<\/li>\n\n\n\n<li>Toute autre utilisation, y compris la reproduction, la traduction, la distribution ou la transmission du contenu du site \u00e0 des fins commerciales, est strictement interdite, sauf autorisation \u00e9crite de TOVANVAPE.<\/li>\n<\/ul>\n\n\n\n<h2 class=\"wp-block-heading\">5.Garantie Clause de non-responsabilit\u00e9 et limitation de responsabilit\u00e9<\/h2>\n\n\n\n<ul class=\"wp-block-list\">\n<li><strong>\u201cEn l'\u00e9tat :<\/strong> Notre site web et tous les produits sont fournis \u201cen l'\u00e9tat\u201d et \u201ctels que disponibles\u201d, sans garantie d'aucune sorte, expresse ou implicite.<\/li>\n\n\n\n<li><strong>Limitation de la responsabilit\u00e9 :<\/strong> Dans toute la mesure permise par la loi, TOVANVAPE ne sera pas responsable des dommages directs, indirects, sp\u00e9ciaux ou cons\u00e9cutifs r\u00e9sultant de l'utilisation ou de l'incapacit\u00e9 d'utiliser le mat\u00e9riel de ce site ou de la performance de nos appareils de vapotage (par exemple, dysfonctionnement ou mauvaise utilisation de la batterie).<\/li>\n<\/ul>\n\n\n\n<h2 class=\"wp-block-heading\">6. indemnisation<\/h2>\n\n\n\n<p>En utilisant notre site web, vous acceptez d'indemniser, de d\u00e9fendre et de prot\u00e9ger TOVANVAPE, ses dirigeants, administrateurs, employ\u00e9s et fournisseurs contre toute perte, d\u00e9pense, dommage et co\u00fbt (y compris les honoraires raisonnables d'avocat) r\u00e9sultant de toute violation de ces conditions ou de toute activit\u00e9 ill\u00e9gale li\u00e9e \u00e0 votre compte.<\/p>\n\n\n\n<h2 class=\"wp-block-heading\">7. droit applicable et r\u00e8glement des litiges<\/h2>\n\n\n\n<p>Les pr\u00e9sentes conditions g\u00e9n\u00e9rales sont r\u00e9gies et interpr\u00e9t\u00e9es conform\u00e9ment aux lois de Hong Kong, sans tenir compte des principes de conflit de lois. Tout litige ou toute r\u00e9clamation d\u00e9coulant de l'utilisation de ce site web ou de l'achat de produits sera r\u00e9solu exclusivement par les tribunaux comp\u00e9tents de Hong Kong.<\/p>\n\n\n\n<h2 class=\"wp-block-heading\">8.Divers<\/h2>\n\n\n\n<ul class=\"wp-block-list\">\n<li><strong>Cessation d'activit\u00e9 :<\/strong> Nous nous r\u00e9servons le droit de mettre fin \u00e0 votre acc\u00e8s au site ou d'annuler des commandes \u00e0 tout moment et sans pr\u00e9avis en cas de comportement que nous estimons contraire aux pr\u00e9sentes conditions.<\/li>\n\n\n\n<li><strong>Liens avec des tiers :<\/strong> Notre site peut contenir des liens vers des sites web externes pour votre commodit\u00e9. Nous ne contr\u00f4lons pas ces sites et ne sommes pas responsables de leurs pratiques en mati\u00e8re de protection de la vie priv\u00e9e ou de leur contenu.<\/li>\n\n\n\n<li><strong>Modifications :<\/strong> TOVANVAPE se r\u00e9serve le droit de mettre \u00e0 jour ou de modifier ces conditions \u00e0 tout moment et sans pr\u00e9avis.<\/li>\n<\/ul>","protected":false},"excerpt":{"rendered":"<p>Welcome to TOVANVAPE! Please read these Terms and Conditions carefully before using our website. By accessing our site or making a purchase, you agree to be bound by these terms. If you do not agree with all the terms outlined here, please discontinue using our website immediately. 1.Strict Age Verification (Adults Only) Vaping products are [&hellip;]<\/p>\n","protected":false},"author":1,"featured_media":0,"parent":0,"menu_order":0,"comment_status":"closed","ping_status":"closed","template":"","meta":{"_uag_custom_page_level_css":"","site-sidebar-layout":"default","site-content-layout":"","ast-site-content-layout":"default","site-content-style":"default","site-sidebar-style":"default","ast-global-header-display":"","ast-banner-title-visibility":"","ast-main-header-display":"","ast-hfb-above-header-display":"","ast-hfb-below-header-display":"","ast-hfb-mobile-header-display":"","site-post-title":"","ast-breadcrumbs-content":"","ast-featured-img":"","footer-sml-layout":"","ast-disable-related-posts":"","theme-transparent-header-meta":"","adv-header-id-meta":"","stick-header-meta":"","header-above-stick-meta":"","header-main-stick-meta":"","header-below-stick-meta":"","astra-migrate-meta-layouts":"set","ast-page-background-enabled":"default","ast-page-background-meta":{"desktop":{"background-color":"","background-image":"","background-repeat":"repeat","background-position":"center center","background-size":"auto","background-attachment":"scroll","background-type":"","background-media":"","overlay-type":"","overlay-color":"","overlay-opacity":"","overlay-gradient":""},"tablet":{"background-color":"","background-image":"","background-repeat":"repeat","background-position":"center center","background-size":"auto","background-attachment":"scroll","background-type":"","background-media":"","overlay-type":"","overlay-color":"","overlay-opacity":"","overlay-gradient":""},"mobile":{"background-color":"","background-image":"","background-repeat":"repeat","background-position":"center center","background-size":"auto","background-attachment":"scroll","background-type":"","background-media":"","overlay-type":"","overlay-color":"","overlay-opacity":"","overlay-gradient":""}},"ast-content-background-meta":{"desktop":{"background-color":"var(--ast-global-color-5)","background-image":"","background-repeat":"repeat","background-position":"center center","background-size":"auto","background-attachment":"scroll","background-type":"","background-media":"","overlay-type":"","overlay-color":"","overlay-opacity":"","overlay-gradient":""},"tablet":{"background-color":"var(--ast-global-color-5)","background-image":"","background-repeat":"repeat","background-position":"center center","background-size":"auto","background-attachment":"scroll","background-type":"","background-media":"","overlay-type":"","overlay-color":"","overlay-opacity":"","overlay-gradient":""},"mobile":{"background-color":"var(--ast-global-color-5)","background-image":"","background-repeat":"repeat","background-position":"center center","background-size":"auto","background-attachment":"scroll","background-type":"","background-media":"","overlay-type":"","overlay-color":"","overlay-opacity":"","overlay-gradient":""}},"footnotes":""},"class_list":["post-3181","page","type-page","status-publish","hentry"],"uagb_featured_image_src":{"full":false,"thumbnail":false,"medium":false,"medium_large":false,"large":false,"1536x1536":false,"2048x2048":false,"trp-custom-language-flag":false,"woocommerce_thumbnail":false,"woocommerce_single":false,"woocommerce_gallery_thumbnail":false},"uagb_author_info":{"display_name":"Allen Brooks | TOVANVAPE","author_link":"https:\/\/tovanvape.com\/fr\/author\/info137597info137597-com\/"},"uagb_comment_info":0,"uagb_excerpt":"Welcome to TOVANVAPE! Please read these Terms and Conditions carefully before using our website. By accessing our site or making a purchase, you agree to be bound by these terms. If you do not agree with all the terms outlined here, please discontinue using our website immediately. 1.Strict Age Verification (Adults Only) Vaping products are\u2026","_links":{"self":[{"href":"https:\/\/tovanvape.com\/fr\/wp-json\/wp\/v2\/pages\/3181","targetHints":{"allow":["GET"]}}],"collection":[{"href":"https:\/\/tovanvape.com\/fr\/wp-json\/wp\/v2\/pages"}],"about":[{"href":"https:\/\/tovanvape.com\/fr\/wp-json\/wp\/v2\/types\/page"}],"author":[{"embeddable":true,"href":"https:\/\/tovanvape.com\/fr\/wp-json\/wp\/v2\/users\/1"}],"replies":[{"embeddable":true,"href":"https:\/\/tovanvape.com\/fr\/wp-json\/wp\/v2\/comments?post=3181"}],"version-history":[{"count":5,"href":"https:\/\/tovanvape.com\/fr\/wp-json\/wp\/v2\/pages\/3181\/revisions"}],"predecessor-version":[{"id":4251,"href":"https:\/\/tovanvape.com\/fr\/wp-json\/wp\/v2\/pages\/3181\/revisions\/4251"}],"wp:attachment":[{"href":"https:\/\/tovanvape.com\/fr\/wp-json\/wp\/v2\/media?parent=3181"}],"curies":[{"name":"wp","href":"https:\/\/api.w.org\/{rel}","templated":true}]}}