{"id":3,"date":"2026-03-07T02:49:29","date_gmt":"2026-03-07T02:49:29","guid":{"rendered":"https:\/\/tovanvape.com\/?page_id=3"},"modified":"2026-05-08T03:22:32","modified_gmt":"2026-05-08T03:22:32","slug":"privacy-policy","status":"publish","type":"page","link":"https:\/\/tovanvape.com\/it\/privacy-policy\/","title":{"rendered":"Informativa sulla privacy"},"content":{"rendered":"<h2 class=\"wp-block-heading\">1.Informazioni raccolte<\/h2>\n\n\n\n<p>Crediamo nella completa trasparenza della vostra privacy. Per fornirvi servizi professionali e un'esperienza di acquisto multilingue senza soluzione di continuit\u00e0, raccogliamo determinati tipi di informazioni. Si tratta di dati forniti direttamente dall'utente e di dati raccolti automaticamente dai nostri sistemi.<\/p>\n\n\n\n<h3 class=\"wp-block-heading\">Informazioni fornite dall'utente<\/h3>\n\n\n\n<p>Quando si registra un account, si effettua un ordine o si contatta il nostro servizio clienti, raccogliamo i seguenti dati personali:<\/p>\n\n\n\n<ul class=\"wp-block-list\">\n<li><strong>Dettagli di contatto:<\/strong> Nome e cognome, indirizzo di fatturazione, indirizzo di spedizione, indirizzo e-mail e numero di telefono.<\/li>\n\n\n\n<li><strong>Informazioni sul pagamento:<\/strong> I dati necessari per elaborare gli ordini in modo sicuro. Non memorizziamo i numeri delle carte di credito o i dati finanziari sensibili sui nostri server. Tutte le transazioni sono criptate ed elaborate attraverso gateway di pagamento di terze parti certificati che rispettano rigorosamente gli standard di sicurezza PCI-DSS.<\/li>\n\n\n\n<li><strong>Dati di verifica dell'et\u00e0 (cruciali):<\/strong> I prodotti per il vaping sono soggetti a severe leggi regionali. Per acquistare dal nostro sito \u00e8 necessario avere l'et\u00e0 legale per fumare (ad esempio, 18+ o 21+, a seconda della giurisdizione). Per garantire la conformit\u00e0 alle leggi, potremmo richiedere una verifica dell'identit\u00e0, come ad esempio una dichiarazione della data di nascita o un controllo sicuro di un documento d'identit\u00e0 rilasciato dal governo.<\/li>\n<\/ul>\n\n\n\n<h3 class=\"wp-block-heading\">Informazioni raccolte automaticamente<\/h3>\n\n\n\n<p>Per mantenere le prestazioni del sito web e garantire che il nostro routing multilingue funzioni correttamente in diverse regioni, i nostri sistemi registrano automaticamente i dati tecnici:<\/p>\n\n\n\n<ul class=\"wp-block-list\">\n<li><strong>Dati del dispositivo e della rete:<\/strong> Il vostro indirizzo IP, il tipo e la versione del browser, il modello del dispositivo e il sistema operativo.<\/li>\n\n\n\n<li><strong>Preferenze di localizzazione:<\/strong> Le impostazioni del fuso orario e la posizione geografica approssimativa. Questi dati sono essenziali per visualizzare automaticamente la lingua e la valuta locale corretta per la vostra regione.<\/li>\n<\/ul>\n\n\n\n<h2 class=\"wp-block-heading\">2. Come utilizziamo le vostre informazioni<\/h2>\n\n\n\n<p>Utilizziamo i dati raccolti esclusivamente per adempiere ai nostri impegni di servizio e mantenere un ambiente sicuro e conforme alla legge. I nostri casi d'uso specifici includono:<\/p>\n\n\n\n<ul class=\"wp-block-list\">\n<li><strong>Evasione degli ordini:<\/strong> Per elaborare i vostri pagamenti, coordinare la logistica delle spedizioni globali e inviarvi conferme d'ordine e aggiornamenti sulla tracciabilit\u00e0.<\/li>\n\n\n\n<li><strong>Verifica dell'et\u00e0 e conformit\u00e0 legale:<\/strong> In qualit\u00e0 di fornitore responsabile di vapes monouso, effettuiamo controlli sull'et\u00e0 per adempiere ai nostri obblighi legali e impediamo rigorosamente ai minori di accedere a questi prodotti.<\/li>\n\n\n\n<li><strong>Assistenza clienti multilingue:<\/strong> Per inoltrare le vostre richieste al team linguistico corretto ed elaborare in modo efficiente le vostre richieste post-vendita in base alle vostre preferenze regionali.<\/li>\n\n\n\n<li><strong>Prevenzione delle frodi e sicurezza:<\/strong> Per monitorare l'attivit\u00e0 del sito web, identificare potenziali transazioni fraudolente e proteggere la sicurezza finanziaria della nostra piattaforma transfrontaliera e del vostro account utente.<\/li>\n<\/ul>\n\n\n\n<h2 class=\"wp-block-heading\">3. Cookie e tecnologie di tracciamento<\/h2>\n\n\n\n<p>Il nostro sito web utilizza cookie e tecnologie di tracciamento simili (come web beacon e pixel) per garantire prestazioni funzionali essenziali per il nostro pubblico globale.<\/p>\n\n\n\n<h3 class=\"wp-block-heading\">Perch\u00e9 usiamo i cookie<\/h3>\n\n\n\n<ul class=\"wp-block-list\">\n<li><strong>Funzionalit\u00e0 di base e localizzazione:<\/strong> I cookie ricordano le preferenze linguistiche e le impostazioni di valuta regionali, consentendo al sito di caricare automaticamente la versione corretta. Inoltre, mantengono lo stato di accesso al vostro account e salvano in modo sicuro gli articoli nel vostro carrello.<\/li>\n\n\n\n<li><strong>Ottimizzazione delle prestazioni:<\/strong> I cookie ci aiutano ad analizzare le fonti di traffico e l'interazione degli utenti nelle nostre pagine in diverse lingue. Utilizziamo questi dati anonimi per migliorare la velocit\u00e0 di caricamento globale e migliorare la vostra esperienza di navigazione complessiva.<\/li>\n<\/ul>\n\n\n\n<h3 class=\"wp-block-heading\">Gestione dei cookie<\/h3>\n\n\n\n<p>L'utente ha il pieno controllo sui dati del proprio browser e pu\u00f2 rifiutare o disabilitare i cookie attraverso le impostazioni del browser. Tuttavia, si noti che la disabilitazione dei cookie pu\u00f2 causare il malfunzionamento di funzioni fondamentali, come il carrello della spesa, la commutazione multilingue o il login dell'account, impedendo cos\u00ec di completare con successo un ordine.<\/p>\n\n\n\n<h2 class=\"wp-block-heading\">4.Condivisione dei dati e terze parti<\/h2>\n\n\n\n<p>Rispettiamo profondamente la vostra privacy e non vendiamo assolutamente le vostre informazioni personali a terzi. Condividiamo i dati necessari solo con partner fidati e conformi per evadere i vostri ordini o soddisfare i nostri obblighi legali. Queste parti includono:<\/p>\n\n\n\n<ul class=\"wp-block-list\">\n<li><strong>Gateway di pagamento:<\/strong> Per completare le vostre transazioni utilizziamo processori di pagamento sicuri e certificati. Non conserviamo i dati completi della carta di credito sui nostri server; i nostri partner di pagamento mantengono i vostri dati finanziari criptati e al sicuro.<\/li>\n\n\n\n<li><strong>Partner per la logistica e le spedizioni:<\/strong> Condividiamo il vostro nome, indirizzo di spedizione e numero di telefono con vettori logistici globali affidabili (come DHL, UPS o corrieri locali). Questi dati sono strettamente necessari per consegnare i vostri prodotti di vaping in modo accurato e puntuale.<\/li>\n\n\n\n<li><strong>Autorit\u00e0 legali e normative:<\/strong> Possiamo divulgare le informazioni personali se necessario per ottemperare alle leggi vigenti, agli ordini del tribunale o alle richieste legittime delle autorit\u00e0 doganali e delle forze dell'ordine. Inoltre, collaboreremo pienamente con le autorit\u00e0 per quanto riguarda le indagini antifrode e le leggi sulla protezione dei minori.<\/li>\n<\/ul>\n\n\n\n<h2 class=\"wp-block-heading\">5. I vostri diritti sulla privacy (conformit\u00e0 al GDPR)<\/h2>\n\n\n\n<p>Se siete residenti nello Spazio economico europeo (SEE), avete diritti specifici sui vostri dati personali ai sensi del Regolamento generale sulla protezione dei dati (GDPR). Garantiamo questi diritti fondamentali a tutti i nostri utenti globali:<\/p>\n\n\n\n<ul class=\"wp-block-list\">\n<li><strong>Diritto di accesso:<\/strong> L'utente ha il diritto di confermare se trattiamo i suoi dati personali e pu\u00f2 richiedere una copia delle informazioni in nostro possesso in qualsiasi momento.<\/li>\n\n\n\n<li><strong>Diritto di rettifica:<\/strong> \u00c8 possibile richiedere correzioni immediate se una qualsiasi delle informazioni memorizzate (come l'indirizzo di spedizione, il nome o i dati di contatto) \u00e8 imprecisa o incompleta.<\/li>\n\n\n\n<li><strong>Diritto alla cancellazione (diritto all'oblio):<\/strong> Avete il diritto di richiedere la cancellazione del vostro account e la rimozione completa dei vostri dati personali dai nostri database. Nota: possiamo conservare i dati di transazioni specifiche solo se richiesto dalla legge per controlli fiscali o revisioni legali.<\/li>\n<\/ul>\n\n\n\n<h3 class=\"wp-block-heading\">Come esercitare i propri diritti<\/h3>\n\n\n\n<p>Per esercitare i diritti previsti dal GDPR, inviare una richiesta via e-mail a info@tovanvape.com. Il nostro team dedicato alla privacy esaminer\u00e0 ed elaborer\u00e0 la richiesta entro 30 giorni dal ricevimento.<\/p>\n\n\n\n<h2 class=\"wp-block-heading\">6.Limiti di et\u00e0 e privacy dei bambini<\/h2>\n\n\n\n<h3 class=\"wp-block-heading\">Politica rigorosa per soli adulti<\/h3>\n\n\n\n<p>Il nostro sito web e tutti i prodotti di vaping monouso disponibili sono destinati esclusivamente agli adulti. Per accedere al sito e acquistare i prodotti per il vaping \u00e8 necessario avere l'et\u00e0 legale per fumare nella propria giurisdizione (in genere 18 o 21 anni).<\/p>\n\n\n\n<h3 class=\"wp-block-heading\">Protezione dei minori<\/h3>\n\n\n\n<p>La protezione dei minori \u00e8 la nostra priorit\u00e0 assoluta. Non commercializziamo mai consapevolmente i nostri prodotti ai minori, n\u00e9 raccogliamo intenzionalmente i loro dati personali.<\/p>\n\n\n\n<p>Se il nostro sistema di verifica dell'et\u00e0 identifica, o se abbiamo valide ragioni per credere, che abbiamo accidentalmente raccolto informazioni personali o registrazioni di acquisti da un minore, prenderemo immediatamente provvedimenti. Elimineremo incondizionatamente i dati non autorizzati dai nostri server e cancelleremo definitivamente qualsiasi ordine associato.<\/p>\n\n\n\n<p><\/p>","protected":false},"excerpt":{"rendered":"<p>1.Information We Collect We believe in complete transparency regarding your privacy. To provide you with professional services and a seamless multi-language shopping experience, we collect specific types of information. This includes data you provide directly to us and data our systems collect automatically. Information You Provide to Us When you register an account, place an [&hellip;]<\/p>\n","protected":false},"author":1,"featured_media":0,"parent":0,"menu_order":0,"comment_status":"closed","ping_status":"closed","template":"","meta":{"_uag_custom_page_level_css":"","site-sidebar-layout":"default","site-content-layout":"","ast-site-content-layout":"default","site-content-style":"default","site-sidebar-style":"default","ast-global-header-display":"","ast-banner-title-visibility":"","ast-main-header-display":"","ast-hfb-above-header-display":"","ast-hfb-below-header-display":"","ast-hfb-mobile-header-display":"","site-post-title":"","ast-breadcrumbs-content":"","ast-featured-img":"","footer-sml-layout":"","ast-disable-related-posts":"","theme-transparent-header-meta":"","adv-header-id-meta":"","stick-header-meta":"","header-above-stick-meta":"","header-main-stick-meta":"","header-below-stick-meta":"","astra-migrate-meta-layouts":"set","ast-page-background-enabled":"default","ast-page-background-meta":{"desktop":{"background-color":"","background-image":"","background-repeat":"repeat","background-position":"center center","background-size":"auto","background-attachment":"scroll","background-type":"","background-media":"","overlay-type":"","overlay-color":"","overlay-opacity":"","overlay-gradient":""},"tablet":{"background-color":"","background-image":"","background-repeat":"repeat","background-position":"center center","background-size":"auto","background-attachment":"scroll","background-type":"","background-media":"","overlay-type":"","overlay-color":"","overlay-opacity":"","overlay-gradient":""},"mobile":{"background-color":"","background-image":"","background-repeat":"repeat","background-position":"center center","background-size":"auto","background-attachment":"scroll","background-type":"","background-media":"","overlay-type":"","overlay-color":"","overlay-opacity":"","overlay-gradient":""}},"ast-content-background-meta":{"desktop":{"background-color":"var(--ast-global-color-5)","background-image":"","background-repeat":"repeat","background-position":"center center","background-size":"auto","background-attachment":"scroll","background-type":"","background-media":"","overlay-type":"","overlay-color":"","overlay-opacity":"","overlay-gradient":""},"tablet":{"background-color":"var(--ast-global-color-5)","background-image":"","background-repeat":"repeat","background-position":"center center","background-size":"auto","background-attachment":"scroll","background-type":"","background-media":"","overlay-type":"","overlay-color":"","overlay-opacity":"","overlay-gradient":""},"mobile":{"background-color":"var(--ast-global-color-5)","background-image":"","background-repeat":"repeat","background-position":"center center","background-size":"auto","background-attachment":"scroll","background-type":"","background-media":"","overlay-type":"","overlay-color":"","overlay-opacity":"","overlay-gradient":""}},"footnotes":""},"class_list":["post-3","page","type-page","status-publish","hentry"],"uagb_featured_image_src":{"full":false,"thumbnail":false,"medium":false,"medium_large":false,"large":false,"1536x1536":false,"2048x2048":false,"trp-custom-language-flag":false,"woocommerce_thumbnail":false,"woocommerce_single":false,"woocommerce_gallery_thumbnail":false},"uagb_author_info":{"display_name":"Allen Brooks | TOVANVAPE","author_link":"https:\/\/tovanvape.com\/it\/author\/info137597info137597-com\/"},"uagb_comment_info":0,"uagb_excerpt":"1.Information We Collect We believe in complete transparency regarding your privacy. To provide you with professional services and a seamless multi-language shopping experience, we collect specific types of information. This includes data you provide directly to us and data our systems collect automatically. Information You Provide to Us When you register an account, place an&hellip;","_links":{"self":[{"href":"https:\/\/tovanvape.com\/it\/wp-json\/wp\/v2\/pages\/3","targetHints":{"allow":["GET"]}}],"collection":[{"href":"https:\/\/tovanvape.com\/it\/wp-json\/wp\/v2\/pages"}],"about":[{"href":"https:\/\/tovanvape.com\/it\/wp-json\/wp\/v2\/types\/page"}],"author":[{"embeddable":true,"href":"https:\/\/tovanvape.com\/it\/wp-json\/wp\/v2\/users\/1"}],"replies":[{"embeddable":true,"href":"https:\/\/tovanvape.com\/it\/wp-json\/wp\/v2\/comments?post=3"}],"version-history":[{"count":3,"href":"https:\/\/tovanvape.com\/it\/wp-json\/wp\/v2\/pages\/3\/revisions"}],"predecessor-version":[{"id":4248,"href":"https:\/\/tovanvape.com\/it\/wp-json\/wp\/v2\/pages\/3\/revisions\/4248"}],"wp:attachment":[{"href":"https:\/\/tovanvape.com\/it\/wp-json\/wp\/v2\/media?parent=3"}],"curies":[{"name":"wp","href":"https:\/\/api.w.org\/{rel}","templated":true}]}}