{"id":3181,"date":"2026-03-07T02:49:29","date_gmt":"2026-03-07T02:49:29","guid":{"rendered":"https:\/\/tovanvape.com\/?page_id=3181"},"modified":"2026-05-08T03:22:02","modified_gmt":"2026-05-08T03:22:02","slug":"terms-of-service","status":"publish","type":"page","link":"https:\/\/tovanvape.com\/pl\/terms-of-service\/","title":{"rendered":"Warunki \u015bwiadczenia us\u0142ug"},"content":{"rendered":"<p>Witamy na stronie TOVANVAPE! Prosimy o uwa\u017cne przeczytanie niniejszego Regulaminu przed rozpocz\u0119ciem korzystania z naszej witryny. Uzyskuj\u0105c dost\u0119p do naszej witryny lub dokonuj\u0105c zakupu, wyra\u017casz zgod\u0119 na przestrzeganie tych warunk\u00f3w. Je\u015bli nie zgadzasz si\u0119 ze wszystkimi przedstawionymi tutaj warunkami, prosimy o natychmiastowe zaprzestanie korzystania z naszej witryny.<\/p>\n\n\n\n<h2 class=\"wp-block-heading\">1. \u015bcis\u0142a weryfikacja wieku (tylko doro\u015bli)<\/h2>\n\n\n\n<p>Produkty do waporyzacji s\u0105 przeznaczone wy\u0142\u0105cznie dla os\u00f3b doros\u0142ych. Wchodz\u0105c na t\u0119 stron\u0119 internetow\u0105 i sk\u0142adaj\u0105c zam\u00f3wienie, u\u017cytkownik prawnie o\u015bwiadcza, \u017ce spe\u0142nia minimalny wiek palenia obowi\u0105zuj\u0105cy w danym kraju lub jurysdykcji (zazwyczaj 18 lub 21 lat).<\/p>\n\n\n\n<ul class=\"wp-block-list\">\n<li>TOVANVAPE zastrzega sobie prawo do za\u017c\u0105dania weryfikacji to\u017csamo\u015bci przed przetworzeniem jakiegokolwiek zam\u00f3wienia.<\/li>\n\n\n\n<li>Je\u015bli ustalimy, \u017ce zam\u00f3wienie zosta\u0142o z\u0142o\u017cone przez osob\u0119 niepe\u0142noletni\u0105, natychmiast je anulujemy.<\/li>\n<\/ul>\n\n\n\n<h2 class=\"wp-block-heading\">2. zam\u00f3wienia mi\u0119dzynarodowe<\/h2>\n\n\n\n<p>Nasza globalna dzia\u0142alno\u015b\u0107 ma siedzib\u0119 w Hongkongu. Wysy\u0142amy do wielu mi\u0119dzynarodowych miejsc docelowych; jednak kupuj\u0105cy jest \u015bci\u015ble odpowiedzialny za zrozumienie lokalnych przepis\u00f3w importowych.<\/p>\n\n\n\n<h2 class=\"wp-block-heading\">3. zastrze\u017cenia zdrowotne i medyczne<\/h2>\n\n\n\n<p>Nasze produkty zawieraj\u0105 nikotyn\u0119, silnie uzale\u017cniaj\u0105c\u0105 substancj\u0119 chemiczn\u0105.<\/p>\n\n\n\n<p>Wszelkie ryzyko zwi\u0105zane z u\u017cywaniem tych produkt\u00f3w ponosi nabywca. Produkty nikotynowe s\u0105 przeznaczone wy\u0142\u0105cznie dla os\u00f3b doros\u0142ych. Przed u\u017cyciem jakiegokolwiek produktu nikotynowego nale\u017cy skonsultowa\u0107 si\u0119 z lekarzem.<\/p>\n\n\n\n<h2 class=\"wp-block-heading\">4. prawa autorskie i znaki towarowe<\/h2>\n\n\n\n<p>Ca\u0142a zawarto\u015b\u0107 tej witryny - w tym tekst, grafika, logo i kod - jest chroniona prawami autorskimi i stanowi wy\u0142\u0105czn\u0105 w\u0142asno\u015b\u0107 TOVANVAPE.<\/p>\n\n\n\n<ul class=\"wp-block-list\">\n<li>U\u017cytkownik mo\u017ce elektronicznie kopiowa\u0107 lub drukowa\u0107 fragmenty tej witryny wy\u0142\u0105cznie w celu z\u0142o\u017cenia zam\u00f3wienia u nas.<\/li>\n\n\n\n<li>Jakiekolwiek inne wykorzystanie, w tym powielanie, t\u0142umaczenie, dystrybucja lub transmisja zawarto\u015bci witryny w celach komercyjnych, jest surowo zabronione, chyba \u017ce zosta\u0142o to zatwierdzone na pi\u015bmie przez TOVANVAPE.<\/li>\n<\/ul>\n\n\n\n<h2 class=\"wp-block-heading\">5.Wy\u0142\u0105czenie gwarancji i ograniczenie odpowiedzialno\u015bci<\/h2>\n\n\n\n<ul class=\"wp-block-list\">\n<li><strong>\u201cNa zasadzie \u201dTak jak jest\":<\/strong> Nasza strona internetowa i wszystkie produkty s\u0105 dostarczane na zasadzie \u201ctak jak jest\u201d i \u201cw miar\u0119 dost\u0119pno\u015bci\u201d, bez jakichkolwiek gwarancji, wyra\u017anych lub dorozumianych.<\/li>\n\n\n\n<li><strong>Ograniczenie odpowiedzialno\u015bci:<\/strong> W najszerszym zakresie dozwolonym przez prawo, TOVANVAPE nie ponosi odpowiedzialno\u015bci za jakiekolwiek bezpo\u015brednie, po\u015brednie, szczeg\u00f3lne lub wt\u00f3rne szkody wynikaj\u0105ce z korzystania lub niemo\u017cno\u015bci korzystania z materia\u0142\u00f3w na tej stronie lub dzia\u0142ania naszych urz\u0105dze\u0144 vaping (np. awarii baterii lub niew\u0142a\u015bciwego u\u017cytkowania).<\/li>\n<\/ul>\n\n\n\n<h2 class=\"wp-block-heading\">6.Odszkodowanie<\/h2>\n\n\n\n<p>Korzystaj\u0105c z naszej strony internetowej, u\u017cytkownik zgadza si\u0119 zabezpieczy\u0107, broni\u0107 i chroni\u0107 TOVANVAPE, jej urz\u0119dnik\u00f3w, dyrektor\u00f3w, pracownik\u00f3w i dostawc\u00f3w przed wszelkimi stratami, wydatkami, odszkodowaniami i kosztami (w tym uzasadnionymi honorariami prawnik\u00f3w) wynikaj\u0105cymi z naruszenia niniejszych warunk\u00f3w lub jakiejkolwiek niew\u0142a\u015bciwej dzia\u0142alno\u015bci zwi\u0105zanej z kontem u\u017cytkownika.<\/p>\n\n\n\n<h2 class=\"wp-block-heading\">7.Prawo w\u0142a\u015bciwe i rozstrzyganie spor\u00f3w<\/h2>\n\n\n\n<p>Niniejsze Warunki podlegaj\u0105 i s\u0105 interpretowane zgodnie z prawem Hongkongu, bez wzgl\u0119du na normy kolizyjne. Wszelkie spory lub roszczenia wynikaj\u0105ce z korzystania z niniejszej strony internetowej lub zakupu produkt\u00f3w b\u0119d\u0105 rozstrzygane wy\u0142\u0105cznie przez w\u0142a\u015bciwe s\u0105dy w Hongkongu.<\/p>\n\n\n\n<h2 class=\"wp-block-heading\">8.R\u00f3\u017cne<\/h2>\n\n\n\n<ul class=\"wp-block-list\">\n<li><strong>Zako\u0144czenie:<\/strong> Zastrzegamy sobie prawo do odebrania u\u017cytkownikowi dost\u0119pu do witryny lub anulowania zam\u00f3wie\u0144 w dowolnym momencie i bez uprzedzenia w przypadku zachowania, kt\u00f3re naszym zdaniem narusza niniejsze Warunki.<\/li>\n\n\n\n<li><strong>Linki stron trzecich:<\/strong> Dla wygody u\u017cytkownik\u00f3w nasza witryna mo\u017ce zawiera\u0107 \u0142\u0105cza do zewn\u0119trznych witryn internetowych. Nie kontrolujemy tych witryn i nie ponosimy odpowiedzialno\u015bci za ich praktyki w zakresie prywatno\u015bci ani zawarto\u015b\u0107.<\/li>\n\n\n\n<li><strong>Modyfikacje:<\/strong> TOVANVAPE zastrzega sobie prawo do aktualizacji lub modyfikacji niniejszych Warunk\u00f3w w dowolnym momencie bez wcze\u015bniejszego powiadomienia.<\/li>\n<\/ul>","protected":false},"excerpt":{"rendered":"<p>Welcome to TOVANVAPE! Please read these Terms and Conditions carefully before using our website. By accessing our site or making a purchase, you agree to be bound by these terms. If you do not agree with all the terms outlined here, please discontinue using our website immediately. 1.Strict Age Verification (Adults Only) Vaping products are [&hellip;]<\/p>\n","protected":false},"author":1,"featured_media":0,"parent":0,"menu_order":0,"comment_status":"closed","ping_status":"closed","template":"","meta":{"_uag_custom_page_level_css":"","site-sidebar-layout":"default","site-content-layout":"","ast-site-content-layout":"default","site-content-style":"default","site-sidebar-style":"default","ast-global-header-display":"","ast-banner-title-visibility":"","ast-main-header-display":"","ast-hfb-above-header-display":"","ast-hfb-below-header-display":"","ast-hfb-mobile-header-display":"","site-post-title":"","ast-breadcrumbs-content":"","ast-featured-img":"","footer-sml-layout":"","ast-disable-related-posts":"","theme-transparent-header-meta":"","adv-header-id-meta":"","stick-header-meta":"","header-above-stick-meta":"","header-main-stick-meta":"","header-below-stick-meta":"","astra-migrate-meta-layouts":"set","ast-page-background-enabled":"default","ast-page-background-meta":{"desktop":{"background-color":"","background-image":"","background-repeat":"repeat","background-position":"center center","background-size":"auto","background-attachment":"scroll","background-type":"","background-media":"","overlay-type":"","overlay-color":"","overlay-opacity":"","overlay-gradient":""},"tablet":{"background-color":"","background-image":"","background-repeat":"repeat","background-position":"center center","background-size":"auto","background-attachment":"scroll","background-type":"","background-media":"","overlay-type":"","overlay-color":"","overlay-opacity":"","overlay-gradient":""},"mobile":{"background-color":"","background-image":"","background-repeat":"repeat","background-position":"center center","background-size":"auto","background-attachment":"scroll","background-type":"","background-media":"","overlay-type":"","overlay-color":"","overlay-opacity":"","overlay-gradient":""}},"ast-content-background-meta":{"desktop":{"background-color":"var(--ast-global-color-5)","background-image":"","background-repeat":"repeat","background-position":"center center","background-size":"auto","background-attachment":"scroll","background-type":"","background-media":"","overlay-type":"","overlay-color":"","overlay-opacity":"","overlay-gradient":""},"tablet":{"background-color":"var(--ast-global-color-5)","background-image":"","background-repeat":"repeat","background-position":"center center","background-size":"auto","background-attachment":"scroll","background-type":"","background-media":"","overlay-type":"","overlay-color":"","overlay-opacity":"","overlay-gradient":""},"mobile":{"background-color":"var(--ast-global-color-5)","background-image":"","background-repeat":"repeat","background-position":"center center","background-size":"auto","background-attachment":"scroll","background-type":"","background-media":"","overlay-type":"","overlay-color":"","overlay-opacity":"","overlay-gradient":""}},"footnotes":""},"class_list":["post-3181","page","type-page","status-publish","hentry"],"uagb_featured_image_src":{"full":false,"thumbnail":false,"medium":false,"medium_large":false,"large":false,"1536x1536":false,"2048x2048":false,"trp-custom-language-flag":false,"woocommerce_thumbnail":false,"woocommerce_single":false,"woocommerce_gallery_thumbnail":false},"uagb_author_info":{"display_name":"Allen Brooks | TOVANVAPE","author_link":"https:\/\/tovanvape.com\/pl\/author\/info137597info137597-com\/"},"uagb_comment_info":0,"uagb_excerpt":"Welcome to TOVANVAPE! Please read these Terms and Conditions carefully before using our website. By accessing our site or making a purchase, you agree to be bound by these terms. If you do not agree with all the terms outlined here, please discontinue using our website immediately. 1.Strict Age Verification (Adults Only) Vaping products are&hellip;","_links":{"self":[{"href":"https:\/\/tovanvape.com\/pl\/wp-json\/wp\/v2\/pages\/3181","targetHints":{"allow":["GET"]}}],"collection":[{"href":"https:\/\/tovanvape.com\/pl\/wp-json\/wp\/v2\/pages"}],"about":[{"href":"https:\/\/tovanvape.com\/pl\/wp-json\/wp\/v2\/types\/page"}],"author":[{"embeddable":true,"href":"https:\/\/tovanvape.com\/pl\/wp-json\/wp\/v2\/users\/1"}],"replies":[{"embeddable":true,"href":"https:\/\/tovanvape.com\/pl\/wp-json\/wp\/v2\/comments?post=3181"}],"version-history":[{"count":5,"href":"https:\/\/tovanvape.com\/pl\/wp-json\/wp\/v2\/pages\/3181\/revisions"}],"predecessor-version":[{"id":4251,"href":"https:\/\/tovanvape.com\/pl\/wp-json\/wp\/v2\/pages\/3181\/revisions\/4251"}],"wp:attachment":[{"href":"https:\/\/tovanvape.com\/pl\/wp-json\/wp\/v2\/media?parent=3181"}],"curies":[{"name":"wp","href":"https:\/\/api.w.org\/{rel}","templated":true}]}}