{"id":4012,"date":"2026-03-07T02:49:29","date_gmt":"2026-03-07T02:49:29","guid":{"rendered":"https:\/\/tovanvape.com\/?page_id=4012"},"modified":"2026-05-08T03:22:19","modified_gmt":"2026-05-08T03:22:19","slug":"shipping-policy","status":"publish","type":"page","link":"https:\/\/tovanvape.com\/pl\/shipping-policy\/","title":{"rendered":"Zasady wysy\u0142ki"},"content":{"rendered":"<p>W TOVANVAPE staramy si\u0119 zapewni\u0107 naszym globalnym klientom szybkie, niezawodne i bezproblemowe us\u0142ugi wysy\u0142kowe. Prosimy o uwa\u017cne zapoznanie si\u0119 z nasz\u0105 polityk\u0105 wysy\u0142kow\u0105, aby zrozumie\u0107 nasze czasy przetwarzania, procedury \u015bledzenia i nasz\u0105 us\u0142ug\u0119 premium DDP (Delivery Duty Paid).<\/p>\n\n\n\n<h2 class=\"wp-block-heading\">1. Przetwarzanie zam\u00f3wie\u0144 i czas wysy\u0142ki<\/h2>\n\n\n\n<ul class=\"wp-block-list\">\n<li><strong>Czas przetwarzania:<\/strong> Wszystkie zam\u00f3wienia s\u0105 przetwarzane i wysy\u0142ane z naszego magazynu w ci\u0105gu 1-3 dni roboczych od potwierdzenia p\u0142atno\u015bci.<\/li>\n\n\n\n<li><strong>Dni robocze:<\/strong> Nale\u017cy pami\u0119ta\u0107, \u017ce nasz magazyn dzia\u0142a od poniedzia\u0142ku do pi\u0105tku. Nie przetwarzamy ani nie wysy\u0142amy zam\u00f3wie\u0144 w weekendy lub g\u0142\u00f3wne \u015bwi\u0119ta pa\u0144stwowe.<\/li>\n\n\n\n<li><strong>Og\u00f3lny czas dostawy:<\/strong> W zale\u017cno\u015bci od lokalizacji, standardowa dostawa mi\u0119dzynarodowa trwa zazwyczaj od 7 do 15 dni roboczych od wysy\u0142ki.<\/li>\n<\/ul>\n\n\n\n<h2 class=\"wp-block-heading\">2. \u015aledzenie zam\u00f3wienia<\/h2>\n\n\n\n<ul class=\"wp-block-list\">\n<li><strong>Numer \u015bledzenia:<\/strong> Gdy zam\u00f3wienie zostanie przekazane przewo\u017anikowi logistycznemu, wy\u015blemy wiadomo\u015b\u0107 e-mail zawieraj\u0105c\u0105 informacje o \u015bledzeniu przesy\u0142ki.<\/li>\n\n\n\n<li><strong>Jak \u015bledzi\u0107:<\/strong> Status przesy\u0142ki mo\u017cna \u015bledzi\u0107 w czasie rzeczywistym, korzystaj\u0105c z podanego numeru przesy\u0142ki za po\u015brednictwem uniwersalnej platformy \u015bledzenia: www.17track.net\/en.<\/li>\n\n\n\n<li><strong>Uwaga:<\/strong> Po otrzymaniu potwierdzenia wysy\u0142ki nale\u017cy odczeka\u0107 od 1 do 2 dni roboczych na pojawienie si\u0119 aktualizacji \u015bledzenia w systemie przewo\u017anika.<\/li>\n<\/ul>\n\n\n\n<h2 class=\"wp-block-heading\">3. Anulowanie zam\u00f3wienia i zmiana adresu<\/h2>\n\n\n\n<p>Przetwarzamy zam\u00f3wienia szybko, aby zapewni\u0107 szybk\u0105 dostaw\u0119. W zwi\u0105zku z tym mamy \u015bcis\u0142\u0105 polityk\u0119 dotycz\u0105c\u0105 modyfikacji zam\u00f3wie\u0144:<\/p>\n\n\n\n<ul class=\"wp-block-list\">\n<li><strong>Przed wysy\u0142k\u0105:<\/strong> U\u017cytkownik mo\u017ce anulowa\u0107 zam\u00f3wienie lub zaktualizowa\u0107 adres wysy\u0142ki w dowolnym momencie, zanim produkty opuszcz\u0105 nasz magazyn. Prosimy o niezw\u0142oczny kontakt z dzia\u0142em obs\u0142ugi klienta w celu wprowadzenia zmian.<\/li>\n\n\n\n<li><strong>Po wysy\u0142ce (kluczowe):<\/strong> Po wys\u0142aniu zam\u00f3wienia i wygenerowaniu numeru \u015bledzenia nie jeste\u015bmy w stanie przetworzy\u0107 anulowania, dokona\u0107 zwrotu pieni\u0119dzy ani zmieni\u0107 adresu dostawy. Prosimy o dok\u0142adne sprawdzenie szczeg\u00f3\u0142\u00f3w wysy\u0142ki podczas sk\u0142adania zam\u00f3wienia.<\/li>\n<\/ul>\n\n\n\n<h2 class=\"wp-block-heading\">4. Us\u0142ugi celne, c\u0142a i DDP (dostawa op\u0142acona c\u0142em)<\/h2>\n\n\n\n<p>Z dum\u0105 oferujemy metod\u0119 wysy\u0142ki DDP (Delivery Duty Paid) dla wielu naszych g\u0142\u00f3wnych rynk\u00f3w. Jest to wysokiej jako\u015bci, bezproblemowa us\u0142uga dla naszych klient\u00f3w.<\/p>\n\n\n\n<p><strong>Co DDP oznacza dla ciebie:<\/strong> Je\u015bli Tw\u00f3j kraj kwalifikuje si\u0119 do DDP, zajmujemy si\u0119 wszystkimi procedurami odprawy celnej i p\u0142acimy wszystkie podatki i c\u0142a importowe w Twoim imieniu. Cena widoczna przy kasie jest cen\u0105 ostateczn\u0105. Nie ma \u017cadnych ukrytych op\u0142at celnych ani op\u00f3\u017anie\u0144 w odprawie po przyje\u017adzie.<\/p>\n\n\n\n<h3 class=\"wp-block-heading\">Kwalifikuj\u0105ce si\u0119 regiony DDP:<\/h3>\n\n\n\n<ul class=\"wp-block-list\">\n<li><strong>USA:<\/strong> Wysy\u0142ka za po\u015brednictwem UPS Express (z wy\u0142\u0105czeniem Alaski i Hawaii).<\/li>\n\n\n\n<li><strong>WIELKA BRYTANIA:<\/strong> Wysy\u0142ka za po\u015brednictwem lokalnej firmy DPD Express.<\/li>\n\n\n\n<li><strong>Europa:<\/strong> Wysy\u0142ka za po\u015brednictwem UPS, DPD lub DHL Express.<\/li>\n<\/ul>\n\n\n\n<h2 class=\"wp-block-heading\">5. Czas wysy\u0142ki wed\u0142ug kraju<\/h2>\n\n\n\n<p>Poni\u017cej znajduje si\u0119 szczeg\u00f3\u0142owa lista kraj\u00f3w kwalifikuj\u0105cych si\u0119 do naszej metody DDP wraz z szacowanymi czasami wysy\u0142ki. (Nale\u017cy pami\u0119ta\u0107, \u017ce s\u0105 to szacunkowe ramy czasowe i mog\u0105 ulec zmianie w przypadku ekstremalnych warunk\u00f3w pogodowych lub szczytowych okres\u00f3w \u015bwi\u0105tecznych).<\/p>\n\n\n\n<figure class=\"wp-block-table\"><table class=\"has-fixed-layout\"><tbody><tr><td><strong>KRAJ&nbsp;<\/strong><\/td><td><strong>METODA WYSY\u0141KI<\/strong><\/td><td><strong>CZAS WYSY\u0141KI<\/strong><\/td><\/tr><tr><td>USA<\/td><td>Lokalnie UPS Ground<\/td><td>10-15 dni<\/td><\/tr><tr><td>WIELKA BRYTANIA<\/td><td>Lokalny DPD Express<\/td><td>7-12 dni<\/td><\/tr><tr><td>Niemcy<\/td><td>UPS\/DPD\/DHL Niemcy<\/td><td>8-13 dni<\/td><\/tr><tr><td>Francja<\/td><td>UPS\/DPD\/DHL Niemcy<\/td><td>8-13 dni<\/td><\/tr><tr><td>Belgia<\/td><td>UPS\/DPD\/DHL Niemcy<\/td><td>8-13 dni<\/td><\/tr><tr><td>Luksemburg<\/td><td>UPS\/DPD\/DHL Niemcy<\/td><td>8-13 dni<\/td><\/tr><tr><td>Holandia<\/td><td>UPS\/DPD\/DHL Niemcy<\/td><td>8-13 dni<\/td><\/tr><tr><td>Republika Czeska<\/td><td>UPS\/DPD\/DHL Niemcy<\/td><td>8-13 dni<\/td><\/tr><tr><td>Polska<\/td><td>UPS\/DPD\/DHL Niemcy<\/td><td>8-13 dni<\/td><\/tr><tr><td>Chorwacja<\/td><td>UPS\/DPD\/DHL Niemcy<\/td><td>8-13 dni<\/td><\/tr><tr><td>S\u0142owacja<\/td><td>UPS\/DPD\/DHL Niemcy<\/td><td>8-13 dni<\/td><\/tr><tr><td>S\u0142owenia<\/td><td>UPS\/DPD\/DHL Niemcy<\/td><td>8-13 dni<\/td><\/tr><tr><td>Finlandia<\/td><td>UPS\/DPD\/DHL Niemcy<\/td><td>8-13 dni<\/td><\/tr><tr><td>Dania<\/td><td>UPS\/DPD\/DHL Niemcy<\/td><td>8-13 dni<\/td><\/tr><tr><td>Szwecja<\/td><td>UPS\/DPD\/DHL Niemcy<\/td><td>8-13 dni<\/td><\/tr><tr><td>Austria<\/td><td>UPS\/DPD\/DHL Niemcy<\/td><td>8-13 dni<\/td><\/tr><tr><td>W\u0142ochy<\/td><td>UPS\/DPD\/DHL Niemcy<\/td><td>8-13 dni<\/td><\/tr><tr><td>W\u0119gry<\/td><td>UPS\/DPD\/DHL Niemcy<\/td><td>8-13 dni<\/td><\/tr><tr><td>Litwa<\/td><td>UPS\/DPD\/DHL Niemcy<\/td><td>8-13 dni<\/td><\/tr><tr><td>Estonia<\/td><td>UPS\/DPD\/DHL Niemcy<\/td><td>8-13 dni<\/td><\/tr><tr><td>\u0141otwa<\/td><td>UPS\/DPD\/DHL Niemcy<\/td><td>8-13 dni<\/td><\/tr><tr><td>Grecja<\/td><td>UPS\/DPD\/DHL Niemcy<\/td><td>8-13 dni<\/td><\/tr><tr><td>Irlandia<\/td><td>UPS\/DPD\/DHL Niemcy<\/td><td>8-13 dni<\/td><\/tr><tr><td>Portugalia<\/td><td>UPS\/DPD\/DHL Niemcy<\/td><td>8-13 dni<\/td><\/tr><tr><td>Hiszpania<\/td><td>UPS\/DPD\/DHL Niemcy<\/td><td>8-13 dni<\/td><\/tr><tr><td>Zjednoczone Emiraty Arabskie (Dubaj)<\/td><td>Dedykowana linia w Dubaju<\/td><td>12-18 dni<\/td><\/tr><tr><td>Republika Po\u0142udniowej Afryki<\/td><td>Linia dedykowana dla Republiki Po\u0142udniowej Afryki<\/td><td>15-25 dni<\/td><\/tr><tr><td>Wietnam<\/td><td>Linia dedykowana dla Wietnamu<\/td><td>3-5 dni<\/td><\/tr><tr><td>Zachodnia Malezja<\/td><td>Linia dedykowana dla Malezji<\/td><td>4-8 dni<\/td><\/tr><\/tbody><\/table><\/figure>","protected":false},"excerpt":{"rendered":"<p>At TOVANVAPE, we strive to provide our global customers with fast, reliable, and hassle-free shipping services. Please read our shipping policy carefully to understand our processing times, tracking procedures, and our premium DDP (Delivery Duty Paid) service. 1. Order Processing &amp; Shipping Times 2. Tracking Your Order 3. Order Cancellations &amp; Address Changes We process [&hellip;]<\/p>\n","protected":false},"author":1,"featured_media":0,"parent":0,"menu_order":0,"comment_status":"closed","ping_status":"closed","template":"","meta":{"_uag_custom_page_level_css":"","site-sidebar-layout":"default","site-content-layout":"","ast-site-content-layout":"default","site-content-style":"default","site-sidebar-style":"default","ast-global-header-display":"","ast-banner-title-visibility":"","ast-main-header-display":"","ast-hfb-above-header-display":"","ast-hfb-below-header-display":"","ast-hfb-mobile-header-display":"","site-post-title":"","ast-breadcrumbs-content":"","ast-featured-img":"","footer-sml-layout":"","ast-disable-related-posts":"","theme-transparent-header-meta":"","adv-header-id-meta":"","stick-header-meta":"","header-above-stick-meta":"","header-main-stick-meta":"","header-below-stick-meta":"","astra-migrate-meta-layouts":"set","ast-page-background-enabled":"default","ast-page-background-meta":{"desktop":{"background-color":"","background-image":"","background-repeat":"repeat","background-position":"center center","background-size":"auto","background-attachment":"scroll","background-type":"","background-media":"","overlay-type":"","overlay-color":"","overlay-opacity":"","overlay-gradient":""},"tablet":{"background-color":"","background-image":"","background-repeat":"repeat","background-position":"center center","background-size":"auto","background-attachment":"scroll","background-type":"","background-media":"","overlay-type":"","overlay-color":"","overlay-opacity":"","overlay-gradient":""},"mobile":{"background-color":"","background-image":"","background-repeat":"repeat","background-position":"center center","background-size":"auto","background-attachment":"scroll","background-type":"","background-media":"","overlay-type":"","overlay-color":"","overlay-opacity":"","overlay-gradient":""}},"ast-content-background-meta":{"desktop":{"background-color":"var(--ast-global-color-5)","background-image":"","background-repeat":"repeat","background-position":"center center","background-size":"auto","background-attachment":"scroll","background-type":"","background-media":"","overlay-type":"","overlay-color":"","overlay-opacity":"","overlay-gradient":""},"tablet":{"background-color":"var(--ast-global-color-5)","background-image":"","background-repeat":"repeat","background-position":"center center","background-size":"auto","background-attachment":"scroll","background-type":"","background-media":"","overlay-type":"","overlay-color":"","overlay-opacity":"","overlay-gradient":""},"mobile":{"background-color":"var(--ast-global-color-5)","background-image":"","background-repeat":"repeat","background-position":"center center","background-size":"auto","background-attachment":"scroll","background-type":"","background-media":"","overlay-type":"","overlay-color":"","overlay-opacity":"","overlay-gradient":""}},"footnotes":""},"class_list":["post-4012","page","type-page","status-publish","hentry"],"uagb_featured_image_src":{"full":false,"thumbnail":false,"medium":false,"medium_large":false,"large":false,"1536x1536":false,"2048x2048":false,"trp-custom-language-flag":false,"woocommerce_thumbnail":false,"woocommerce_single":false,"woocommerce_gallery_thumbnail":false},"uagb_author_info":{"display_name":"Allen Brooks | TOVANVAPE","author_link":"https:\/\/tovanvape.com\/pl\/author\/info137597info137597-com\/"},"uagb_comment_info":0,"uagb_excerpt":"At TOVANVAPE, we strive to provide our global customers with fast, reliable, and hassle-free shipping services. Please read our shipping policy carefully to understand our processing times, tracking procedures, and our premium DDP (Delivery Duty Paid) service. 1. Order Processing &amp; Shipping Times 2. Tracking Your Order 3. Order Cancellations &amp; Address Changes We process&hellip;","_links":{"self":[{"href":"https:\/\/tovanvape.com\/pl\/wp-json\/wp\/v2\/pages\/4012","targetHints":{"allow":["GET"]}}],"collection":[{"href":"https:\/\/tovanvape.com\/pl\/wp-json\/wp\/v2\/pages"}],"about":[{"href":"https:\/\/tovanvape.com\/pl\/wp-json\/wp\/v2\/types\/page"}],"author":[{"embeddable":true,"href":"https:\/\/tovanvape.com\/pl\/wp-json\/wp\/v2\/users\/1"}],"replies":[{"embeddable":true,"href":"https:\/\/tovanvape.com\/pl\/wp-json\/wp\/v2\/comments?post=4012"}],"version-history":[{"count":4,"href":"https:\/\/tovanvape.com\/pl\/wp-json\/wp\/v2\/pages\/4012\/revisions"}],"predecessor-version":[{"id":4250,"href":"https:\/\/tovanvape.com\/pl\/wp-json\/wp\/v2\/pages\/4012\/revisions\/4250"}],"wp:attachment":[{"href":"https:\/\/tovanvape.com\/pl\/wp-json\/wp\/v2\/media?parent=4012"}],"curies":[{"name":"wp","href":"https:\/\/api.w.org\/{rel}","templated":true}]}}