{"id":3181,"date":"2026-03-07T02:49:29","date_gmt":"2026-03-07T02:49:29","guid":{"rendered":"https:\/\/tovanvape.com\/?page_id=3181"},"modified":"2026-05-08T03:22:02","modified_gmt":"2026-05-08T03:22:02","slug":"terms-of-service","status":"publish","type":"page","link":"https:\/\/tovanvape.com\/pt\/terms-of-service\/","title":{"rendered":"Termos do servi\u00e7o"},"content":{"rendered":"<p>Bem-vindo ao TOVANVAPE! Leia atentamente estes Termos e Condi\u00e7\u00f5es antes de utilizar o nosso s\u00edtio Web. Ao aceder ao nosso site ou ao efetuar uma compra, o utilizador concorda em ficar vinculado a estes termos. Se n\u00e3o concordar com todos os termos aqui descritos, interrompa imediatamente a utiliza\u00e7\u00e3o do nosso s\u00edtio Web.<\/p>\n\n\n\n<h2 class=\"wp-block-heading\">1. verifica\u00e7\u00e3o rigorosa da idade (apenas adultos)<\/h2>\n\n\n\n<p>Os produtos vapes s\u00e3o estritamente para uso adulto. Ao entrar neste s\u00edtio Web e efetuar uma encomenda, o utilizador declara legalmente que cumpre a idade m\u00ednima legal para fumar no seu pa\u00eds ou jurisdi\u00e7\u00e3o espec\u00edfica (normalmente 18 ou 21 anos).<\/p>\n\n\n\n<ul class=\"wp-block-list\">\n<li>TOVANVAPE reserva-se o direito de solicitar a verifica\u00e7\u00e3o da identidade antes de processar qualquer encomenda.<\/li>\n\n\n\n<li>Se determinarmos que uma encomenda foi efectuada por um menor, cancelaremos imediatamente a encomenda.<\/li>\n<\/ul>\n\n\n\n<h2 class=\"wp-block-heading\">2. encomendas internacionais<\/h2>\n\n\n\n<p>As nossas opera\u00e7\u00f5es globais est\u00e3o sediadas em Hong Kong. Enviamos para v\u00e1rios destinos internacionais; no entanto, o comprador \u00e9 estritamente respons\u00e1vel por compreender as leis de importa\u00e7\u00e3o locais.<\/p>\n\n\n\n<h2 class=\"wp-block-heading\">3. sa\u00fade e medicina<\/h2>\n\n\n\n<p>Os nossos produtos cont\u00eam nicotina, uma subst\u00e2ncia qu\u00edmica altamente viciante.<\/p>\n\n\n\n<p>Todos os riscos associados \u00e0 utiliza\u00e7\u00e3o destes produtos s\u00e3o suportados pelo comprador. Os produtos de nicotina destinam-se apenas a adultos. Consultar um profissional de sa\u00fade antes de utilizar qualquer produto de nicotina.<\/p>\n\n\n\n<h2 class=\"wp-block-heading\">4. direitos de autor e marcas registadas<\/h2>\n\n\n\n<p>Todo o conte\u00fado deste s\u00edtio - incluindo texto, gr\u00e1ficos, log\u00f3tipos e c\u00f3digo - est\u00e1 protegido por leis de direitos de autor e \u00e9 propriedade exclusiva da TOVANVAPE.<\/p>\n\n\n\n<ul class=\"wp-block-list\">\n<li>O utilizador pode copiar eletronicamente ou imprimir partes deste s\u00edtio apenas com o objetivo de efetuar uma encomenda \u00e0 nossa empresa.<\/li>\n\n\n\n<li>Qualquer outro uso, incluindo a reprodu\u00e7\u00e3o, tradu\u00e7\u00e3o, distribui\u00e7\u00e3o ou transmiss\u00e3o do conte\u00fado do site para fins comerciais, \u00e9 estritamente proibido, a menos que autorizado por escrito pela TOVANVAPE.<\/li>\n<\/ul>\n\n\n\n<h2 class=\"wp-block-heading\">5.Garantia Exonera\u00e7\u00e3o de responsabilidade e limita\u00e7\u00e3o de responsabilidade<\/h2>\n\n\n\n<ul class=\"wp-block-list\">\n<li><strong>\u201cBase \u201dtal como est\u00e1\":<\/strong> O nosso s\u00edtio Web e todos os produtos s\u00e3o fornecidos \u201ctal como est\u00e3o\u201d e \u201cconforme dispon\u00edveis\u201d, sem garantias de qualquer tipo, expressas ou impl\u00edcitas.<\/li>\n\n\n\n<li><strong>Limita\u00e7\u00e3o de responsabilidade:<\/strong> Na medida m\u00e1xima permitida por lei, a TOVANVAPE n\u00e3o se responsabiliza por quaisquer danos diretos, indirectos, especiais ou consequentes resultantes da utiliza\u00e7\u00e3o ou da incapacidade de utiliza\u00e7\u00e3o dos materiais deste s\u00edtio ou do desempenho dos nossos dispositivos de vaporiza\u00e7\u00e3o (por exemplo, avarias da bateria ou utiliza\u00e7\u00e3o indevida).<\/li>\n<\/ul>\n\n\n\n<h2 class=\"wp-block-heading\">6. indemniza\u00e7\u00e3o<\/h2>\n\n\n\n<p>Ao utilizar o nosso s\u00edtio Web, o utilizador concorda em indemnizar, defender e isentar o TOVANVAPE, os seus respons\u00e1veis, diretores, funcion\u00e1rios e fornecedores de todas as perdas, despesas, danos e custos (incluindo honor\u00e1rios razo\u00e1veis de advogados) resultantes de qualquer viola\u00e7\u00e3o destes termos ou de qualquer atividade indevida relacionada com a sua conta.<\/p>\n\n\n\n<h2 class=\"wp-block-heading\">7. Legisla\u00e7\u00e3o aplic\u00e1vel e resolu\u00e7\u00e3o de lit\u00edgios<\/h2>\n\n\n\n<p>Os presentes Termos e Condi\u00e7\u00f5es s\u00e3o regidos e interpretados de acordo com a legisla\u00e7\u00e3o de Hong Kong, sem ter em conta os seus princ\u00edpios de conflito de leis. Quaisquer lit\u00edgios ou reclama\u00e7\u00f5es resultantes da utiliza\u00e7\u00e3o deste s\u00edtio Web ou da compra de produtos ser\u00e3o resolvidos exclusivamente nos tribunais competentes de Hong Kong.<\/p>\n\n\n\n<h2 class=\"wp-block-heading\">8.Diversos<\/h2>\n\n\n\n<ul class=\"wp-block-list\">\n<li><strong>Cessa\u00e7\u00e3o:<\/strong> Reservamo-nos o direito de terminar o acesso do utilizador ao site ou cancelar encomendas em qualquer altura, sem aviso pr\u00e9vio, por conduta que consideremos violar estes Termos.<\/li>\n\n\n\n<li><strong>Liga\u00e7\u00f5es de terceiros:<\/strong> O nosso s\u00edtio pode conter liga\u00e7\u00f5es a s\u00edtios Web externos para sua conveni\u00eancia. N\u00e3o controlamos estes s\u00edtios e n\u00e3o somos respons\u00e1veis pelas suas pr\u00e1ticas de privacidade ou conte\u00fado.<\/li>\n\n\n\n<li><strong>Modifica\u00e7\u00f5es:<\/strong> TOVANVAPE reserva-se o direito de atualizar ou modificar estes Termos em qualquer altura sem aviso pr\u00e9vio.<\/li>\n<\/ul>","protected":false},"excerpt":{"rendered":"<p>Welcome to TOVANVAPE! Please read these Terms and Conditions carefully before using our website. By accessing our site or making a purchase, you agree to be bound by these terms. If you do not agree with all the terms outlined here, please discontinue using our website immediately. 1.Strict Age Verification (Adults Only) Vaping products are [&hellip;]<\/p>\n","protected":false},"author":1,"featured_media":0,"parent":0,"menu_order":0,"comment_status":"closed","ping_status":"closed","template":"","meta":{"_uag_custom_page_level_css":"","site-sidebar-layout":"default","site-content-layout":"","ast-site-content-layout":"default","site-content-style":"default","site-sidebar-style":"default","ast-global-header-display":"","ast-banner-title-visibility":"","ast-main-header-display":"","ast-hfb-above-header-display":"","ast-hfb-below-header-display":"","ast-hfb-mobile-header-display":"","site-post-title":"","ast-breadcrumbs-content":"","ast-featured-img":"","footer-sml-layout":"","ast-disable-related-posts":"","theme-transparent-header-meta":"","adv-header-id-meta":"","stick-header-meta":"","header-above-stick-meta":"","header-main-stick-meta":"","header-below-stick-meta":"","astra-migrate-meta-layouts":"set","ast-page-background-enabled":"default","ast-page-background-meta":{"desktop":{"background-color":"","background-image":"","background-repeat":"repeat","background-position":"center center","background-size":"auto","background-attachment":"scroll","background-type":"","background-media":"","overlay-type":"","overlay-color":"","overlay-opacity":"","overlay-gradient":""},"tablet":{"background-color":"","background-image":"","background-repeat":"repeat","background-position":"center center","background-size":"auto","background-attachment":"scroll","background-type":"","background-media":"","overlay-type":"","overlay-color":"","overlay-opacity":"","overlay-gradient":""},"mobile":{"background-color":"","background-image":"","background-repeat":"repeat","background-position":"center center","background-size":"auto","background-attachment":"scroll","background-type":"","background-media":"","overlay-type":"","overlay-color":"","overlay-opacity":"","overlay-gradient":""}},"ast-content-background-meta":{"desktop":{"background-color":"var(--ast-global-color-5)","background-image":"","background-repeat":"repeat","background-position":"center center","background-size":"auto","background-attachment":"scroll","background-type":"","background-media":"","overlay-type":"","overlay-color":"","overlay-opacity":"","overlay-gradient":""},"tablet":{"background-color":"var(--ast-global-color-5)","background-image":"","background-repeat":"repeat","background-position":"center center","background-size":"auto","background-attachment":"scroll","background-type":"","background-media":"","overlay-type":"","overlay-color":"","overlay-opacity":"","overlay-gradient":""},"mobile":{"background-color":"var(--ast-global-color-5)","background-image":"","background-repeat":"repeat","background-position":"center center","background-size":"auto","background-attachment":"scroll","background-type":"","background-media":"","overlay-type":"","overlay-color":"","overlay-opacity":"","overlay-gradient":""}},"footnotes":""},"class_list":["post-3181","page","type-page","status-publish","hentry"],"uagb_featured_image_src":{"full":false,"thumbnail":false,"medium":false,"medium_large":false,"large":false,"1536x1536":false,"2048x2048":false,"trp-custom-language-flag":false,"woocommerce_thumbnail":false,"woocommerce_single":false,"woocommerce_gallery_thumbnail":false},"uagb_author_info":{"display_name":"Allen Brooks | TOVANVAPE","author_link":"https:\/\/tovanvape.com\/pt\/author\/info137597info137597-com\/"},"uagb_comment_info":0,"uagb_excerpt":"Welcome to TOVANVAPE! Please read these Terms and Conditions carefully before using our website. By accessing our site or making a purchase, you agree to be bound by these terms. If you do not agree with all the terms outlined here, please discontinue using our website immediately. 1.Strict Age Verification (Adults Only) Vaping products are&hellip;","_links":{"self":[{"href":"https:\/\/tovanvape.com\/pt\/wp-json\/wp\/v2\/pages\/3181","targetHints":{"allow":["GET"]}}],"collection":[{"href":"https:\/\/tovanvape.com\/pt\/wp-json\/wp\/v2\/pages"}],"about":[{"href":"https:\/\/tovanvape.com\/pt\/wp-json\/wp\/v2\/types\/page"}],"author":[{"embeddable":true,"href":"https:\/\/tovanvape.com\/pt\/wp-json\/wp\/v2\/users\/1"}],"replies":[{"embeddable":true,"href":"https:\/\/tovanvape.com\/pt\/wp-json\/wp\/v2\/comments?post=3181"}],"version-history":[{"count":5,"href":"https:\/\/tovanvape.com\/pt\/wp-json\/wp\/v2\/pages\/3181\/revisions"}],"predecessor-version":[{"id":4251,"href":"https:\/\/tovanvape.com\/pt\/wp-json\/wp\/v2\/pages\/3181\/revisions\/4251"}],"wp:attachment":[{"href":"https:\/\/tovanvape.com\/pt\/wp-json\/wp\/v2\/media?parent=3181"}],"curies":[{"name":"wp","href":"https:\/\/api.w.org\/{rel}","templated":true}]}}