{"id":3,"date":"2026-03-07T02:49:29","date_gmt":"2026-03-07T02:49:29","guid":{"rendered":"https:\/\/tovanvape.com\/?page_id=3"},"modified":"2026-05-08T03:22:32","modified_gmt":"2026-05-08T03:22:32","slug":"privacy-policy","status":"publish","type":"page","link":"https:\/\/tovanvape.com\/sv\/privacy-policy\/","title":{"rendered":"Integritetspolicy"},"content":{"rendered":"<h2 class=\"wp-block-heading\">1. Information som vi samlar in<\/h2>\n\n\n\n<p>Vi tror p\u00e5 fullst\u00e4ndig \u00f6ppenhet n\u00e4r det g\u00e4ller din integritet. F\u00f6r att kunna erbjuda dig professionella tj\u00e4nster och en s\u00f6ml\u00f6s shoppingupplevelse p\u00e5 flera spr\u00e5k samlar vi in vissa typer av information. Detta inkluderar uppgifter som du tillhandah\u00e5ller direkt till oss och uppgifter som v\u00e5ra system samlar in automatiskt.<\/p>\n\n\n\n<h3 class=\"wp-block-heading\">Information som du l\u00e4mnar till oss<\/h3>\n\n\n\n<p>N\u00e4r du registrerar ett konto, g\u00f6r en best\u00e4llning eller kontaktar v\u00e5r kundtj\u00e4nst samlar vi in f\u00f6ljande personuppgifter:<\/p>\n\n\n\n<ul class=\"wp-block-list\">\n<li><strong>Kontaktuppgifter:<\/strong> Ditt fullst\u00e4ndiga namn, faktureringsadress, leveransadress, e-postadress och telefonnummer.<\/li>\n\n\n\n<li><strong>Betalningsinformation:<\/strong> De uppgifter som kr\u00e4vs f\u00f6r att behandla dina best\u00e4llningar p\u00e5 ett s\u00e4kert s\u00e4tt. Vi lagrar inte dina kreditkortsnummer eller k\u00e4nsliga ekonomiska uppgifter p\u00e5 v\u00e5ra servrar. Alla transaktioner krypteras och behandlas via certifierade tredjepartsbetalningsgateways som strikt f\u00f6ljer PCI-DSS-s\u00e4kerhetsstandarder.<\/li>\n\n\n\n<li><strong>\u00c5ldersverifieringsdata (Crucial):<\/strong> Vapingprodukter \u00e4r f\u00f6rem\u00e5l f\u00f6r strikta regionala lagar. Du m\u00e5ste ha uppn\u00e5tt laglig \u00e5lder f\u00f6r r\u00f6kning (t.ex. 18+ eller 21+, beroende p\u00e5 din jurisdiktion) f\u00f6r att f\u00e5 k\u00f6pa fr\u00e5n v\u00e5r webbplats. F\u00f6r att s\u00e4kerst\u00e4lla efterlevnad av lagar kan vi kr\u00e4va identitetsverifiering, till exempel en deklaration av f\u00f6delsedatum eller en s\u00e4ker granskning av ett statligt utf\u00e4rdat ID.<\/li>\n<\/ul>\n\n\n\n<h3 class=\"wp-block-heading\">Information som vi samlar in automatiskt<\/h3>\n\n\n\n<p>F\u00f6r att uppr\u00e4tth\u00e5lla webbplatsens prestanda och s\u00e4kerst\u00e4lla att v\u00e5r flerspr\u00e5kiga routing fungerar korrekt i olika regioner registrerar v\u00e5ra system automatiskt tekniska data:<\/p>\n\n\n\n<ul class=\"wp-block-list\">\n<li><strong>Enhets- och n\u00e4tverksdata:<\/strong> Din IP-adress, typ och version av webbl\u00e4sare, enhetsmodell och operativsystem.<\/li>\n\n\n\n<li><strong>Inst\u00e4llningar f\u00f6r lokalisering:<\/strong> Inst\u00e4llningar f\u00f6r din tidszon och ungef\u00e4rlig geografisk plats. Dessa uppgifter \u00e4r viktiga f\u00f6r att automatiskt visa r\u00e4tt spr\u00e5k och lokal valuta f\u00f6r din region.<\/li>\n<\/ul>\n\n\n\n<h2 class=\"wp-block-heading\">2. Hur vi anv\u00e4nder din information<\/h2>\n\n\n\n<p>Vi anv\u00e4nder de insamlade uppgifterna strikt f\u00f6r att fullg\u00f6ra v\u00e5ra tj\u00e4nste\u00e5taganden och uppr\u00e4tth\u00e5lla en s\u00e4ker, lagligt kompatibel milj\u00f6. V\u00e5ra specifika anv\u00e4ndningsomr\u00e5den inkluderar:<\/p>\n\n\n\n<ul class=\"wp-block-list\">\n<li><strong>Uppfyllande av order:<\/strong> F\u00f6r att behandla dina betalningar, samordna den globala leveranslogistiken och skicka orderbekr\u00e4ftelser och sp\u00e5rningsuppdateringar till dig.<\/li>\n\n\n\n<li><strong>\u00c5ldersverifiering och efterlevnad av lagar och regler:<\/strong> Som en ansvarsfull leverant\u00f6r av eng\u00e5ngsvape utf\u00f6r vi \u00e5lderskontroller f\u00f6r att uppfylla v\u00e5ra juridiska skyldigheter och strikt f\u00f6rhindra minder\u00e5riga fr\u00e5n att f\u00e5 tillg\u00e5ng till dessa produkter.<\/li>\n\n\n\n<li><strong>Flerspr\u00e5kig kundtj\u00e4nst:<\/strong> F\u00f6r att dirigera dina fr\u00e5gor till r\u00e4tt spr\u00e5kteam och behandla dina f\u00f6rfr\u00e5gningar efter f\u00f6rs\u00e4ljning effektivt baserat p\u00e5 dina regionala preferenser.<\/li>\n\n\n\n<li><strong>F\u00f6rebyggande av bedr\u00e4gerier och s\u00e4kerhet:<\/strong> F\u00f6r att \u00f6vervaka aktiviteten p\u00e5 webbplatsen, identifiera potentiella bedr\u00e4gliga transaktioner och skydda den finansiella s\u00e4kerheten f\u00f6r v\u00e5r gr\u00e4ns\u00f6verskridande plattform och ditt anv\u00e4ndarkonto.<\/li>\n<\/ul>\n\n\n\n<h2 class=\"wp-block-heading\">3. cookies och sp\u00e5rningsteknik<\/h2>\n\n\n\n<p>P\u00e5 v\u00e5r webbplats anv\u00e4nds cookies och liknande sp\u00e5rningstekniker (t.ex. webb-beacons och pixlar) f\u00f6r att s\u00e4kerst\u00e4lla att v\u00e5r globala publik f\u00e5r tillg\u00e5ng till viktiga funktioner.<\/p>\n\n\n\n<h3 class=\"wp-block-heading\">Varf\u00f6r vi anv\u00e4nder cookies<\/h3>\n\n\n\n<ul class=\"wp-block-list\">\n<li><strong>K\u00e4rnfunktionalitet och lokalisering:<\/strong> Cookies kommer ih\u00e5g dina spr\u00e5kpreferenser och regionala valutainst\u00e4llningar, s\u00e5 att webbplatsen kan ladda r\u00e4tt version automatiskt. De uppr\u00e4tth\u00e5ller ocks\u00e5 inloggningsstatus f\u00f6r ditt konto och sparar s\u00e4kert artiklar i din kundvagn.<\/li>\n\n\n\n<li><strong>Optimering av prestanda:<\/strong> Cookies hj\u00e4lper oss att analysera trafikk\u00e4llor och anv\u00e4ndarinteraktion p\u00e5 v\u00e5ra olika spr\u00e5ksidor. Vi anv\u00e4nder dessa anonyma data f\u00f6r att f\u00f6rb\u00e4ttra den globala laddningshastigheten och f\u00f6rb\u00e4ttra din totala surfupplevelse.<\/li>\n<\/ul>\n\n\n\n<h3 class=\"wp-block-heading\">Hantera dina cookies<\/h3>\n\n\n\n<p>Du har full kontroll \u00f6ver dina webbl\u00e4sardata och kan neka eller inaktivera cookies genom dina webbl\u00e4sarinst\u00e4llningar. Observera dock att inaktivering av cookies kan leda till att k\u00e4rnfunktioner misslyckas, till exempel kundvagnen, v\u00e4xling mellan flera spr\u00e5k eller kontoinloggning, vilket kan hindra dig fr\u00e5n att slutf\u00f6ra en best\u00e4llning.<\/p>\n\n\n\n<h2 class=\"wp-block-heading\">4. Datadelning och tredje part<\/h2>\n\n\n\n<p>Vi respekterar djupt din integritet och s\u00e4ljer absolut inte din personliga information till n\u00e5gon tredje part. Vi delar endast n\u00f6dv\u00e4ndiga uppgifter med betrodda, kompatibla partners f\u00f6r att uppfylla dina best\u00e4llningar eller uppfylla v\u00e5ra juridiska skyldigheter. Dessa parter inkluderar:<\/p>\n\n\n\n<ul class=\"wp-block-list\">\n<li><strong>Betalningsportaler:<\/strong> Vi anv\u00e4nder s\u00e4kra, certifierade betalningsprocessorer f\u00f6r att slutf\u00f6ra dina transaktioner. Vi lagrar inte fullst\u00e4ndig kreditkortsinformation p\u00e5 v\u00e5ra servrar; v\u00e5ra betalningspartner h\u00e5ller dina finansiella data krypterade och s\u00e4kra.<\/li>\n\n\n\n<li><strong>Logistik- och sj\u00f6fartspartner:<\/strong> Vi delar ditt namn, din leveransadress och ditt telefonnummer med p\u00e5litliga globala logistikf\u00f6retag (t.ex. DHL, UPS eller lokala budfirmor). De beh\u00f6ver dessa uppgifter f\u00f6r att kunna leverera dina vapingprodukter korrekt och i tid.<\/li>\n\n\n\n<li><strong>Juridiska och regulatoriska myndigheter:<\/strong> Vi kan l\u00e4mna ut personuppgifter om det kr\u00e4vs f\u00f6r att f\u00f6lja g\u00e4llande lagar, domstolsbeslut eller legitima f\u00f6rfr\u00e5gningar fr\u00e5n tull och brottsbek\u00e4mpande myndigheter. Vi kommer ocks\u00e5 att samarbeta fullt ut med myndigheter n\u00e4r det g\u00e4ller bedr\u00e4geribek\u00e4mpningsutredningar och lagar om skydd av minder\u00e5riga.<\/li>\n<\/ul>\n\n\n\n<h2 class=\"wp-block-heading\">5.Dina r\u00e4ttigheter till integritet (efterlevnad av GDPR)<\/h2>\n\n\n\n<p>Om du \u00e4r bosatt inom Europeiska ekonomiska samarbetsomr\u00e5det (EES) har du s\u00e4rskilda r\u00e4ttigheter avseende dina personuppgifter enligt den allm\u00e4nna dataskyddsf\u00f6rordningen (GDPR). Vi beviljar dessa grundl\u00e4ggande r\u00e4ttigheter till alla v\u00e5ra globala anv\u00e4ndare:<\/p>\n\n\n\n<ul class=\"wp-block-list\">\n<li><strong>R\u00e4tt till tillg\u00e5ng:<\/strong> Du har r\u00e4tt att f\u00e5 bekr\u00e4ftat om vi behandlar dina personuppgifter och kan n\u00e4r som helst beg\u00e4ra en kopia av den information vi har om dig.<\/li>\n\n\n\n<li><strong>R\u00e4tt till r\u00e4ttelse:<\/strong> Du kan beg\u00e4ra omedelbara korrigeringar om n\u00e5gon av dina lagrade uppgifter (t.ex. din leveransadress, ditt namn eller dina kontaktuppgifter) \u00e4r felaktiga eller ofullst\u00e4ndiga.<\/li>\n\n\n\n<li><strong>R\u00e4tt till radering (r\u00e4tt att bli bortgl\u00f6md):<\/strong> Du har r\u00e4tt att beg\u00e4ra att ditt konto avslutas och att dina personuppgifter helt tas bort fr\u00e5n v\u00e5ra databaser. Obs: Vi kan beh\u00e5lla specifika transaktionsregister endast om det kr\u00e4vs enligt lag f\u00f6r skatterevisioner eller juridiska granskningar.<\/li>\n<\/ul>\n\n\n\n<h3 class=\"wp-block-heading\">Hur du ut\u00f6var dina r\u00e4ttigheter<\/h3>\n\n\n\n<p>F\u00f6r att ut\u00f6va n\u00e5gon av dina GDPR-r\u00e4ttigheter, v\u00e4nligen skicka en e-postf\u00f6rfr\u00e5gan till info@tovanvape.com. V\u00e5rt dedikerade integritetsteam kommer att granska och behandla din beg\u00e4ran inom 30 dagar efter mottagandet.<\/p>\n\n\n\n<h2 class=\"wp-block-heading\">6.\u00c5ldersbegr\u00e4nsningar och barns integritet<\/h2>\n\n\n\n<h3 class=\"wp-block-heading\">Strikt policy endast f\u00f6r vuxna<\/h3>\n\n\n\n<p>V\u00e5r webbplats och alla tillg\u00e4ngliga vape-produkter f\u00f6r eng\u00e5ngsbruk \u00e4r endast avsedda f\u00f6r vuxna. Du m\u00e5ste uppfylla den lagliga r\u00f6k\u00e5ldern i din specifika jurisdiktion (vanligtvis 18 eller 21 \u00e5r) f\u00f6r att komma \u00e5t denna webbplats och k\u00f6pa n\u00e5gra vapingprodukter.<\/p>\n\n\n\n<h3 class=\"wp-block-heading\">Skydd av minder\u00e5riga<\/h3>\n\n\n\n<p>Att skydda minder\u00e5riga \u00e4r v\u00e5r absoluta huvudprioritet. Vi marknadsf\u00f6r aldrig medvetet v\u00e5ra produkter till minder\u00e5riga och vi samlar inte heller avsiktligt in deras personuppgifter.<\/p>\n\n\n\n<p>Om v\u00e5rt \u00e5ldersverifieringssystem identifierar, eller om vi har giltiga sk\u00e4l att tro, att vi av misstag har samlat in personuppgifter eller ink\u00f6psregister fr\u00e5n en minder\u00e5rig, kommer vi att vidta omedelbara \u00e5tg\u00e4rder. Vi kommer ovillkorligen att radera de obeh\u00f6riga uppgifterna fr\u00e5n v\u00e5ra servrar och permanent annullera alla tillh\u00f6rande best\u00e4llningar.<\/p>\n\n\n\n<p><\/p>","protected":false},"excerpt":{"rendered":"<p>1.Information We Collect We believe in complete transparency regarding your privacy. To provide you with professional services and a seamless multi-language shopping experience, we collect specific types of information. This includes data you provide directly to us and data our systems collect automatically. Information You Provide to Us When you register an account, place an [&hellip;]<\/p>\n","protected":false},"author":1,"featured_media":0,"parent":0,"menu_order":0,"comment_status":"closed","ping_status":"closed","template":"","meta":{"_uag_custom_page_level_css":"","site-sidebar-layout":"default","site-content-layout":"","ast-site-content-layout":"default","site-content-style":"default","site-sidebar-style":"default","ast-global-header-display":"","ast-banner-title-visibility":"","ast-main-header-display":"","ast-hfb-above-header-display":"","ast-hfb-below-header-display":"","ast-hfb-mobile-header-display":"","site-post-title":"","ast-breadcrumbs-content":"","ast-featured-img":"","footer-sml-layout":"","ast-disable-related-posts":"","theme-transparent-header-meta":"","adv-header-id-meta":"","stick-header-meta":"","header-above-stick-meta":"","header-main-stick-meta":"","header-below-stick-meta":"","astra-migrate-meta-layouts":"set","ast-page-background-enabled":"default","ast-page-background-meta":{"desktop":{"background-color":"","background-image":"","background-repeat":"repeat","background-position":"center center","background-size":"auto","background-attachment":"scroll","background-type":"","background-media":"","overlay-type":"","overlay-color":"","overlay-opacity":"","overlay-gradient":""},"tablet":{"background-color":"","background-image":"","background-repeat":"repeat","background-position":"center center","background-size":"auto","background-attachment":"scroll","background-type":"","background-media":"","overlay-type":"","overlay-color":"","overlay-opacity":"","overlay-gradient":""},"mobile":{"background-color":"","background-image":"","background-repeat":"repeat","background-position":"center center","background-size":"auto","background-attachment":"scroll","background-type":"","background-media":"","overlay-type":"","overlay-color":"","overlay-opacity":"","overlay-gradient":""}},"ast-content-background-meta":{"desktop":{"background-color":"var(--ast-global-color-5)","background-image":"","background-repeat":"repeat","background-position":"center center","background-size":"auto","background-attachment":"scroll","background-type":"","background-media":"","overlay-type":"","overlay-color":"","overlay-opacity":"","overlay-gradient":""},"tablet":{"background-color":"var(--ast-global-color-5)","background-image":"","background-repeat":"repeat","background-position":"center center","background-size":"auto","background-attachment":"scroll","background-type":"","background-media":"","overlay-type":"","overlay-color":"","overlay-opacity":"","overlay-gradient":""},"mobile":{"background-color":"var(--ast-global-color-5)","background-image":"","background-repeat":"repeat","background-position":"center center","background-size":"auto","background-attachment":"scroll","background-type":"","background-media":"","overlay-type":"","overlay-color":"","overlay-opacity":"","overlay-gradient":""}},"footnotes":""},"class_list":["post-3","page","type-page","status-publish","hentry"],"uagb_featured_image_src":{"full":false,"thumbnail":false,"medium":false,"medium_large":false,"large":false,"1536x1536":false,"2048x2048":false,"trp-custom-language-flag":false,"woocommerce_thumbnail":false,"woocommerce_single":false,"woocommerce_gallery_thumbnail":false},"uagb_author_info":{"display_name":"Allen Brooks | TOVANVAPE","author_link":"https:\/\/tovanvape.com\/sv\/author\/info137597info137597-com\/"},"uagb_comment_info":0,"uagb_excerpt":"1.Information We Collect We believe in complete transparency regarding your privacy. To provide you with professional services and a seamless multi-language shopping experience, we collect specific types of information. This includes data you provide directly to us and data our systems collect automatically. Information You Provide to Us When you register an account, place an&hellip;","_links":{"self":[{"href":"https:\/\/tovanvape.com\/sv\/wp-json\/wp\/v2\/pages\/3","targetHints":{"allow":["GET"]}}],"collection":[{"href":"https:\/\/tovanvape.com\/sv\/wp-json\/wp\/v2\/pages"}],"about":[{"href":"https:\/\/tovanvape.com\/sv\/wp-json\/wp\/v2\/types\/page"}],"author":[{"embeddable":true,"href":"https:\/\/tovanvape.com\/sv\/wp-json\/wp\/v2\/users\/1"}],"replies":[{"embeddable":true,"href":"https:\/\/tovanvape.com\/sv\/wp-json\/wp\/v2\/comments?post=3"}],"version-history":[{"count":3,"href":"https:\/\/tovanvape.com\/sv\/wp-json\/wp\/v2\/pages\/3\/revisions"}],"predecessor-version":[{"id":4248,"href":"https:\/\/tovanvape.com\/sv\/wp-json\/wp\/v2\/pages\/3\/revisions\/4248"}],"wp:attachment":[{"href":"https:\/\/tovanvape.com\/sv\/wp-json\/wp\/v2\/media?parent=3"}],"curies":[{"name":"wp","href":"https:\/\/api.w.org\/{rel}","templated":true}]}}