{"id":3181,"date":"2026-03-07T02:49:29","date_gmt":"2026-03-07T02:49:29","guid":{"rendered":"https:\/\/tovanvape.com\/?page_id=3181"},"modified":"2026-05-08T03:22:02","modified_gmt":"2026-05-08T03:22:02","slug":"terms-of-service","status":"publish","type":"page","link":"https:\/\/tovanvape.com\/sv\/terms-of-service\/","title":{"rendered":"Villkor f\u00f6r tj\u00e4nsten"},"content":{"rendered":"<p>V\u00e4lkommen till TOVANVAPE! V\u00e4nligen l\u00e4s dessa villkor noggrant innan du anv\u00e4nder v\u00e5r webbplats. Genom att g\u00e5 in p\u00e5 v\u00e5r webbplats eller g\u00f6ra ett k\u00f6p samtycker du till att vara bunden av dessa villkor. Om du inte samtycker till alla villkor som beskrivs h\u00e4r, v\u00e4nligen sluta anv\u00e4nda v\u00e5r webbplats omedelbart.<\/p>\n\n\n\n<h2 class=\"wp-block-heading\">1. Strikt \u00e5ldersverifiering (endast vuxna)<\/h2>\n\n\n\n<p>Vapingprodukter \u00e4r endast avsedda f\u00f6r vuxna. Genom att g\u00e5 in p\u00e5 denna webbplats och g\u00f6ra en best\u00e4llning, f\u00f6rklarar du juridiskt att du uppfyller den l\u00e4gsta lagliga r\u00f6k\u00e5ldern i ditt specifika land eller jurisdiktion (vanligtvis 18 eller 21 \u00e5r).<\/p>\n\n\n\n<ul class=\"wp-block-list\">\n<li>TOVANVAPE f\u00f6rbeh\u00e5ller sig r\u00e4tten att beg\u00e4ra identitetsverifiering innan n\u00e5gon best\u00e4llning behandlas.<\/li>\n\n\n\n<li>Om vi uppt\u00e4cker att en best\u00e4llning har gjorts av en minder\u00e5rig kommer vi att annullera best\u00e4llningen omedelbart.<\/li>\n<\/ul>\n\n\n\n<h2 class=\"wp-block-heading\">2. Internationella best\u00e4llningar<\/h2>\n\n\n\n<p>V\u00e5r globala verksamhet har sitt huvudkontor i Hong Kong. Vi skickar till m\u00e5nga internationella destinationer; k\u00f6paren \u00e4r dock strikt ansvarig f\u00f6r att f\u00f6rst\u00e5 sina lokala importlagar.<\/p>\n\n\n\n<h2 class=\"wp-block-heading\">3.H\u00e4lsa och medicinsk ansvarsfriskrivning<\/h2>\n\n\n\n<p>V\u00e5ra produkter inneh\u00e5ller nikotin, en kemikalie med starkt beroendeframkallande egenskaper.<\/p>\n\n\n\n<p>Alla risker som \u00e4r f\u00f6rknippade med anv\u00e4ndning av dessa produkter b\u00e4rs av k\u00f6paren. Nikotinprodukter \u00e4r endast avsedda f\u00f6r vuxna. R\u00e5dg\u00f6r med l\u00e4kare innan du anv\u00e4nder n\u00e5gon nikotinprodukt.<\/p>\n\n\n\n<h2 class=\"wp-block-heading\">4. Upphovsr\u00e4tt och varum\u00e4rken<\/h2>\n\n\n\n<p>Allt inneh\u00e5ll p\u00e5 denna webbplats - inklusive text, grafik, logotyper och kod - \u00e4r skyddat enligt upphovsr\u00e4ttslagar och \u00e4r TOVANVAPE:s exklusiva egendom.<\/p>\n\n\n\n<ul class=\"wp-block-list\">\n<li>Du f\u00e5r elektroniskt kopiera eller skriva ut delar av denna webbplats endast i syfte att g\u00f6ra en best\u00e4llning hos oss.<\/li>\n\n\n\n<li>All annan anv\u00e4ndning, inklusive reproduktion, \u00f6vers\u00e4ttning, distribution eller \u00f6verf\u00f6ring av webbplatsinneh\u00e5ll f\u00f6r kommersiella \u00e4ndam\u00e5l, \u00e4r str\u00e4ngt f\u00f6rbjuden om den inte skriftligen godk\u00e4nts av TOVANVAPE.<\/li>\n<\/ul>\n\n\n\n<h2 class=\"wp-block-heading\">5.Ansvarsfriskrivning och ansvarsbegr\u00e4nsning<\/h2>\n\n\n\n<ul class=\"wp-block-list\">\n<li><strong>\u201cI befintligt skick\u201d:<\/strong> V\u00e5r webbplats och alla produkter tillhandah\u00e5lls \u201ci befintligt skick\u201d och \u201ci m\u00e5n av tillg\u00e5ng\u201d, utan n\u00e5gra garantier av n\u00e5got slag, vare sig uttryckliga eller underf\u00f6rst\u00e5dda.<\/li>\n\n\n\n<li><strong>Begr\u00e4nsning av ansvar:<\/strong> I den utstr\u00e4ckning som lagen till\u00e5ter ska TOVANVAPE inte h\u00e5llas ansvarigt f\u00f6r direkta, indirekta, s\u00e4rskilda eller f\u00f6ljdskador som uppst\u00e5r till f\u00f6ljd av anv\u00e4ndning av eller of\u00f6rm\u00e5ga att anv\u00e4nda materialet p\u00e5 denna webbplats eller prestanda f\u00f6r v\u00e5ra vaping-enheter (t.ex. batterifel eller felaktig anv\u00e4ndning).<\/li>\n<\/ul>\n\n\n\n<h2 class=\"wp-block-heading\">6. Skadeers\u00e4ttning<\/h2>\n\n\n\n<p>Genom att anv\u00e4nda v\u00e5r webbplats samtycker du till att gottg\u00f6ra, f\u00f6rsvara och h\u00e5lla ofarlig TOVANVAPE, dess tj\u00e4nstem\u00e4n, direkt\u00f6rer, anst\u00e4llda och leverant\u00f6rer fr\u00e5n och mot alla f\u00f6rluster, utgifter, skador och kostnader (inklusive rimliga advokatkostnader) som h\u00e4rr\u00f6r fr\u00e5n brott mot dessa villkor eller n\u00e5gon felaktig aktivitet relaterad till ditt konto.<\/p>\n\n\n\n<h2 class=\"wp-block-heading\">7. Till\u00e4mplig lag och tvistel\u00f6sning<\/h2>\n\n\n\n<p>Dessa villkor styrs av och tolkas i enlighet med lagarna i Hongkong, utan h\u00e4nsyn till dess principer om lagkonflikt. Eventuella tvister eller anspr\u00e5k som uppst\u00e5r i samband med anv\u00e4ndningen av denna webbplats eller produktink\u00f6p ska l\u00f6sas uteslutande i beh\u00f6riga domstolar i Hongkong.<\/p>\n\n\n\n<h2 class=\"wp-block-heading\">8.\u00d6vrigt<\/h2>\n\n\n\n<ul class=\"wp-block-list\">\n<li><strong>Upps\u00e4gning:<\/strong> Vi f\u00f6rbeh\u00e5ller oss r\u00e4tten att avsluta din \u00e5tkomst till webbplatsen eller annullera best\u00e4llningar n\u00e4r som helst utan f\u00f6reg\u00e5ende meddelande f\u00f6r uppf\u00f6rande som vi anser bryter mot dessa villkor.<\/li>\n\n\n\n<li><strong>L\u00e4nkar till tredje part:<\/strong> V\u00e5r webbplats kan inneh\u00e5lla l\u00e4nkar till externa webbplatser f\u00f6r din bekv\u00e4mlighet. Vi kontrollerar inte dessa webbplatser och ansvarar inte f\u00f6r deras sekretesspraxis eller inneh\u00e5ll.<\/li>\n\n\n\n<li><strong>\u00c4ndringar:<\/strong> TOVANVAPE f\u00f6rbeh\u00e5ller sig r\u00e4tten att uppdatera eller \u00e4ndra dessa villkor n\u00e4r som helst utan f\u00f6reg\u00e5ende meddelande.<\/li>\n<\/ul>","protected":false},"excerpt":{"rendered":"<p>Welcome to TOVANVAPE! Please read these Terms and Conditions carefully before using our website. By accessing our site or making a purchase, you agree to be bound by these terms. If you do not agree with all the terms outlined here, please discontinue using our website immediately. 1.Strict Age Verification (Adults Only) Vaping products are [&hellip;]<\/p>\n","protected":false},"author":1,"featured_media":0,"parent":0,"menu_order":0,"comment_status":"closed","ping_status":"closed","template":"","meta":{"_uag_custom_page_level_css":"","site-sidebar-layout":"default","site-content-layout":"","ast-site-content-layout":"default","site-content-style":"default","site-sidebar-style":"default","ast-global-header-display":"","ast-banner-title-visibility":"","ast-main-header-display":"","ast-hfb-above-header-display":"","ast-hfb-below-header-display":"","ast-hfb-mobile-header-display":"","site-post-title":"","ast-breadcrumbs-content":"","ast-featured-img":"","footer-sml-layout":"","ast-disable-related-posts":"","theme-transparent-header-meta":"","adv-header-id-meta":"","stick-header-meta":"","header-above-stick-meta":"","header-main-stick-meta":"","header-below-stick-meta":"","astra-migrate-meta-layouts":"set","ast-page-background-enabled":"default","ast-page-background-meta":{"desktop":{"background-color":"","background-image":"","background-repeat":"repeat","background-position":"center center","background-size":"auto","background-attachment":"scroll","background-type":"","background-media":"","overlay-type":"","overlay-color":"","overlay-opacity":"","overlay-gradient":""},"tablet":{"background-color":"","background-image":"","background-repeat":"repeat","background-position":"center center","background-size":"auto","background-attachment":"scroll","background-type":"","background-media":"","overlay-type":"","overlay-color":"","overlay-opacity":"","overlay-gradient":""},"mobile":{"background-color":"","background-image":"","background-repeat":"repeat","background-position":"center center","background-size":"auto","background-attachment":"scroll","background-type":"","background-media":"","overlay-type":"","overlay-color":"","overlay-opacity":"","overlay-gradient":""}},"ast-content-background-meta":{"desktop":{"background-color":"var(--ast-global-color-5)","background-image":"","background-repeat":"repeat","background-position":"center center","background-size":"auto","background-attachment":"scroll","background-type":"","background-media":"","overlay-type":"","overlay-color":"","overlay-opacity":"","overlay-gradient":""},"tablet":{"background-color":"var(--ast-global-color-5)","background-image":"","background-repeat":"repeat","background-position":"center center","background-size":"auto","background-attachment":"scroll","background-type":"","background-media":"","overlay-type":"","overlay-color":"","overlay-opacity":"","overlay-gradient":""},"mobile":{"background-color":"var(--ast-global-color-5)","background-image":"","background-repeat":"repeat","background-position":"center center","background-size":"auto","background-attachment":"scroll","background-type":"","background-media":"","overlay-type":"","overlay-color":"","overlay-opacity":"","overlay-gradient":""}},"footnotes":""},"class_list":["post-3181","page","type-page","status-publish","hentry"],"uagb_featured_image_src":{"full":false,"thumbnail":false,"medium":false,"medium_large":false,"large":false,"1536x1536":false,"2048x2048":false,"trp-custom-language-flag":false,"woocommerce_thumbnail":false,"woocommerce_single":false,"woocommerce_gallery_thumbnail":false},"uagb_author_info":{"display_name":"Allen Brooks | TOVANVAPE","author_link":"https:\/\/tovanvape.com\/sv\/author\/info137597info137597-com\/"},"uagb_comment_info":0,"uagb_excerpt":"Welcome to TOVANVAPE! Please read these Terms and Conditions carefully before using our website. By accessing our site or making a purchase, you agree to be bound by these terms. If you do not agree with all the terms outlined here, please discontinue using our website immediately. 1.Strict Age Verification (Adults Only) Vaping products are&hellip;","_links":{"self":[{"href":"https:\/\/tovanvape.com\/sv\/wp-json\/wp\/v2\/pages\/3181","targetHints":{"allow":["GET"]}}],"collection":[{"href":"https:\/\/tovanvape.com\/sv\/wp-json\/wp\/v2\/pages"}],"about":[{"href":"https:\/\/tovanvape.com\/sv\/wp-json\/wp\/v2\/types\/page"}],"author":[{"embeddable":true,"href":"https:\/\/tovanvape.com\/sv\/wp-json\/wp\/v2\/users\/1"}],"replies":[{"embeddable":true,"href":"https:\/\/tovanvape.com\/sv\/wp-json\/wp\/v2\/comments?post=3181"}],"version-history":[{"count":5,"href":"https:\/\/tovanvape.com\/sv\/wp-json\/wp\/v2\/pages\/3181\/revisions"}],"predecessor-version":[{"id":4251,"href":"https:\/\/tovanvape.com\/sv\/wp-json\/wp\/v2\/pages\/3181\/revisions\/4251"}],"wp:attachment":[{"href":"https:\/\/tovanvape.com\/sv\/wp-json\/wp\/v2\/media?parent=3181"}],"curies":[{"name":"wp","href":"https:\/\/api.w.org\/{rel}","templated":true}]}}