{"id":4009,"date":"2026-03-07T02:49:29","date_gmt":"2026-03-07T02:49:29","guid":{"rendered":"https:\/\/tovanvape.com\/?page_id=4009"},"modified":"2026-05-08T03:23:21","modified_gmt":"2026-05-08T03:23:21","slug":"age-policy","status":"publish","type":"page","link":"https:\/\/tovanvape.com\/sv\/age-policy\/","title":{"rendered":"\u00c5lderspolicy"},"content":{"rendered":"<p>P\u00e5 TOVANVAPE \u00e4r det v\u00e5r h\u00f6gsta prioritet att f\u00f6rhindra att minder\u00e5riga f\u00e5r tillg\u00e5ng till v\u00e5ra produkter. Vi till\u00e4mpar strikta \u00e5tg\u00e4rder f\u00f6r \u00e5ldersverifiering f\u00f6r att s\u00e4kerst\u00e4lla efterlevnad av globala best\u00e4mmelser och f\u00f6r att fr\u00e4mja ansvarsfulla metoder f\u00f6r vaping.<\/p>\n\n\n\n<h2 class=\"wp-block-heading\">1.Legal krav p\u00e5 \u00e5lder f\u00f6r r\u00f6kning<\/h2>\n\n\n\n<p>Alla kunder m\u00e5ste uppfylla den l\u00e4gsta lagliga r\u00f6k\u00e5ldern i sitt specifika land eller jurisdiktion f\u00f6r att f\u00e5 tillg\u00e5ng till v\u00e5r webbplats och k\u00f6pa elektroniska cigarettprodukter.<\/p>\n\n\n\n<ul class=\"wp-block-list\">\n<li>I de flesta regioner (inklusive EU och Storbritannien) \u00e4r den lagstadgade \u00e5ldern 18 \u00e5r eller \u00e4ldre.<\/li>\n\n\n\n<li>I vissa regioner (t.ex. vissa delar av USA) \u00e4r den lagstadgade \u00e5ldern 21 \u00e5r eller \u00e4ldre.<\/li>\n<\/ul>\n\n\n\n<p>Genom att g\u00f6ra en best\u00e4llning f\u00f6rklarar du juridiskt att du uppfyller \u00e5lderskraven i din lokala jurisdiktion.<\/p>\n\n\n\n<h2 class=\"wp-block-heading\">2. Robust process f\u00f6r \u00e5ldersverifiering<\/h2>\n\n\n\n<p>F\u00f6r att uppfylla lagkrav och skydda ungdomar anv\u00e4nder vi ett strikt system f\u00f6r \u00e5ldersverifiering i kassan.<\/p>\n\n\n\n<ul class=\"wp-block-list\">\n<li>Datamatchning: Vi kontrollerar den information som l\u00e4mnas i kassan (t.ex. namn, faktureringsadress och f\u00f6delsedatum) mot tillf\u00f6rlitliga offentliga register och betalningsportaler.<\/li>\n\n\n\n<li>Manuell ID-verifiering: Om v\u00e5rt system inte automatiskt kan verifiera din \u00e5lder, eller om din best\u00e4llning flaggas av v\u00e5rt riskkontrollsystem, kommer vi tillf\u00e4lligt att h\u00e5lla kvar best\u00e4llningen. Du m\u00e5ste p\u00e5 ett s\u00e4kert s\u00e4tt ladda upp en tydlig kopia av ett statligt utf\u00e4rdat ID (t.ex. pass, k\u00f6rkort eller nationellt ID-kort) f\u00f6r att bekr\u00e4fta ditt f\u00f6delsedatum.<\/li>\n<\/ul>\n\n\n\n<h2 class=\"wp-block-heading\">3. Konsekvenser av felaktiga uppgifter om \u00e5lder<\/h2>\n\n\n\n<p>Att f\u00f6rfalska din \u00e5lder f\u00f6r att k\u00f6pa vapingprodukter \u00e4r strikt emot v\u00e5r policy och \u00e4r olagligt i m\u00e5nga jurisdiktioner.<\/p>\n\n\n\n<ul class=\"wp-block-list\">\n<li>Om vi uppt\u00e4cker att ett konto har skapats med falska \u00e5ldersuppgifter kommer kontot att st\u00e4ngas av permanent.<\/li>\n\n\n\n<li>Alla tillh\u00f6rande best\u00e4llningar kommer omedelbart att annulleras utan f\u00f6reg\u00e5ende meddelande.<\/li>\n<\/ul>\n\n\n\n<h2 class=\"wp-block-heading\">4. F\u00f6rbud mot k\u00f6p av fullmakter<\/h2>\n\n\n\n<p>Ink\u00f6p av vapingprodukter f\u00f6r minder\u00e5rigas r\u00e4kning (proxyink\u00f6p) \u00e4r str\u00e4ngt f\u00f6rbjudet och medf\u00f6r allvarliga r\u00e4ttsliga p\u00e5f\u00f6ljder. Vi \u00e4r fast beslutna att f\u00f6rhindra obeh\u00f6rig \u00e5tkomst och kommer att rapportera misst\u00e4nkta proxyk\u00f6p till relevanta myndigheter om s\u00e5 kr\u00e4vs enligt lag.<\/p>\n\n\n\n<h2 class=\"wp-block-heading\">5.R\u00e4tt att avb\u00f6ja tj\u00e4nst<\/h2>\n\n\n\n<p>Som onlineleverant\u00f6r av \u00e5ldersbegr\u00e4nsade produkter f\u00f6rbeh\u00e5ller sig TOVANVAPE r\u00e4tten att v\u00e4gra service, annullera best\u00e4llningar eller beg\u00e4ra ytterligare identifiering efter eget gottfinnande. Vi tar dessa standarder p\u00e5 allvar f\u00f6r att uppr\u00e4tth\u00e5lla en ansvarsfull och lagligt kompatibel vapingmilj\u00f6.<\/p>\n\n\n\n<h2 class=\"wp-block-heading\">6. Kundtj\u00e4nst<\/h2>\n\n\n\n<p>Om du anser att din \u00e5tkomst har begr\u00e4nsats p\u00e5 ett or\u00e4ttvist s\u00e4tt eller om du st\u00f6ter p\u00e5 problem under ID-uppladdningen ska du omedelbart kontakta v\u00e5rt kundtj\u00e4nstteam. Vi prioriterar \u00f6ppen kommunikation och kommer att hj\u00e4lpa dig att l\u00f6sa verifieringen p\u00e5 ett s\u00e4kert s\u00e4tt.<\/p>","protected":false},"excerpt":{"rendered":"<p>At TOVANVAPE, preventing underage access to our products is our highest priority. We strictly enforce rigorous age verification measures to ensure compliance with global regulations and to promote responsible vaping practices. 1.Legal Smoking Age Requirement All customers must meet the minimum legal smoking age in their specific country or jurisdiction to access our website and [&hellip;]<\/p>\n","protected":false},"author":1,"featured_media":0,"parent":0,"menu_order":0,"comment_status":"closed","ping_status":"closed","template":"","meta":{"_uag_custom_page_level_css":"","site-sidebar-layout":"default","site-content-layout":"","ast-site-content-layout":"default","site-content-style":"default","site-sidebar-style":"default","ast-global-header-display":"","ast-banner-title-visibility":"","ast-main-header-display":"","ast-hfb-above-header-display":"","ast-hfb-below-header-display":"","ast-hfb-mobile-header-display":"","site-post-title":"","ast-breadcrumbs-content":"","ast-featured-img":"","footer-sml-layout":"","ast-disable-related-posts":"","theme-transparent-header-meta":"","adv-header-id-meta":"","stick-header-meta":"","header-above-stick-meta":"","header-main-stick-meta":"","header-below-stick-meta":"","astra-migrate-meta-layouts":"set","ast-page-background-enabled":"default","ast-page-background-meta":{"desktop":{"background-color":"","background-image":"","background-repeat":"repeat","background-position":"center center","background-size":"auto","background-attachment":"scroll","background-type":"","background-media":"","overlay-type":"","overlay-color":"","overlay-opacity":"","overlay-gradient":""},"tablet":{"background-color":"","background-image":"","background-repeat":"repeat","background-position":"center center","background-size":"auto","background-attachment":"scroll","background-type":"","background-media":"","overlay-type":"","overlay-color":"","overlay-opacity":"","overlay-gradient":""},"mobile":{"background-color":"","background-image":"","background-repeat":"repeat","background-position":"center center","background-size":"auto","background-attachment":"scroll","background-type":"","background-media":"","overlay-type":"","overlay-color":"","overlay-opacity":"","overlay-gradient":""}},"ast-content-background-meta":{"desktop":{"background-color":"var(--ast-global-color-5)","background-image":"","background-repeat":"repeat","background-position":"center center","background-size":"auto","background-attachment":"scroll","background-type":"","background-media":"","overlay-type":"","overlay-color":"","overlay-opacity":"","overlay-gradient":""},"tablet":{"background-color":"var(--ast-global-color-5)","background-image":"","background-repeat":"repeat","background-position":"center center","background-size":"auto","background-attachment":"scroll","background-type":"","background-media":"","overlay-type":"","overlay-color":"","overlay-opacity":"","overlay-gradient":""},"mobile":{"background-color":"var(--ast-global-color-5)","background-image":"","background-repeat":"repeat","background-position":"center center","background-size":"auto","background-attachment":"scroll","background-type":"","background-media":"","overlay-type":"","overlay-color":"","overlay-opacity":"","overlay-gradient":""}},"footnotes":""},"class_list":["post-4009","page","type-page","status-publish","hentry"],"uagb_featured_image_src":{"full":false,"thumbnail":false,"medium":false,"medium_large":false,"large":false,"1536x1536":false,"2048x2048":false,"trp-custom-language-flag":false,"woocommerce_thumbnail":false,"woocommerce_single":false,"woocommerce_gallery_thumbnail":false},"uagb_author_info":{"display_name":"Allen Brooks | TOVANVAPE","author_link":"https:\/\/tovanvape.com\/sv\/author\/info137597info137597-com\/"},"uagb_comment_info":0,"uagb_excerpt":"At TOVANVAPE, preventing underage access to our products is our highest priority. We strictly enforce rigorous age verification measures to ensure compliance with global regulations and to promote responsible vaping practices. 1.Legal Smoking Age Requirement All customers must meet the minimum legal smoking age in their specific country or jurisdiction to access our website and&hellip;","_links":{"self":[{"href":"https:\/\/tovanvape.com\/sv\/wp-json\/wp\/v2\/pages\/4009","targetHints":{"allow":["GET"]}}],"collection":[{"href":"https:\/\/tovanvape.com\/sv\/wp-json\/wp\/v2\/pages"}],"about":[{"href":"https:\/\/tovanvape.com\/sv\/wp-json\/wp\/v2\/types\/page"}],"author":[{"embeddable":true,"href":"https:\/\/tovanvape.com\/sv\/wp-json\/wp\/v2\/users\/1"}],"replies":[{"embeddable":true,"href":"https:\/\/tovanvape.com\/sv\/wp-json\/wp\/v2\/comments?post=4009"}],"version-history":[{"count":3,"href":"https:\/\/tovanvape.com\/sv\/wp-json\/wp\/v2\/pages\/4009\/revisions"}],"predecessor-version":[{"id":4244,"href":"https:\/\/tovanvape.com\/sv\/wp-json\/wp\/v2\/pages\/4009\/revisions\/4244"}],"wp:attachment":[{"href":"https:\/\/tovanvape.com\/sv\/wp-json\/wp\/v2\/media?parent=4009"}],"curies":[{"name":"wp","href":"https:\/\/api.w.org\/{rel}","templated":true}]}}