{"id":4012,"date":"2026-03-07T02:49:29","date_gmt":"2026-03-07T02:49:29","guid":{"rendered":"https:\/\/tovanvape.com\/?page_id=4012"},"modified":"2026-05-08T03:22:19","modified_gmt":"2026-05-08T03:22:19","slug":"shipping-policy","status":"publish","type":"page","link":"https:\/\/tovanvape.com\/sv\/shipping-policy\/","title":{"rendered":"Fraktpolicy"},"content":{"rendered":"<p>P\u00e5 TOVANVAPE str\u00e4var vi efter att f\u00f6rse v\u00e5ra globala kunder med snabba, p\u00e5litliga och problemfria frakttj\u00e4nster. V\u00e4nligen l\u00e4s v\u00e5r leveranspolicy noggrant f\u00f6r att f\u00f6rst\u00e5 v\u00e5ra behandlingstider, sp\u00e5rningsf\u00f6rfaranden och v\u00e5r premium DDP-tj\u00e4nst (Delivery Duty Paid).<\/p>\n\n\n\n<h2 class=\"wp-block-heading\">1. Orderhantering och leveranstider<\/h2>\n\n\n\n<ul class=\"wp-block-list\">\n<li><strong>Bearbetningstid:<\/strong> Alla best\u00e4llningar behandlas och skickas fr\u00e5n v\u00e5rt lager inom 1 till 3 arbetsdagar efter betalningsbekr\u00e4ftelse.<\/li>\n\n\n\n<li><strong>Arbetsdagar:<\/strong> Observera att v\u00e5rt lager \u00e4r \u00f6ppet fr\u00e5n m\u00e5ndag till fredag. Vi behandlar eller skickar inte best\u00e4llningar p\u00e5 helger eller st\u00f6rre allm\u00e4nna helgdagar.<\/li>\n\n\n\n<li><strong>Allm\u00e4n leveranstid:<\/strong> Beroende p\u00e5 var du befinner dig tar internationella standardleveranser vanligtvis mellan 7 och 15 arbetsdagar efter avs\u00e4ndandet.<\/li>\n<\/ul>\n\n\n\n<h2 class=\"wp-block-heading\">2. Sp\u00e5ra din best\u00e4llning<\/h2>\n\n\n\n<ul class=\"wp-block-list\">\n<li><strong>Sp\u00e5rningsnummer:<\/strong> N\u00e4r din order har \u00f6verl\u00e4mnats till logistikf\u00f6retaget skickar vi dig ett e-postmeddelande med sp\u00e5rningsinformation.<\/li>\n\n\n\n<li><strong>Hur man sp\u00e5rar:<\/strong> Du kan f\u00f6lja statusen f\u00f6r din f\u00f6rs\u00e4ndelse i realtid med hj\u00e4lp av ditt angivna sp\u00e5rningsnummer via denna universella sp\u00e5rningsplattform: www.17track.net\/en.<\/li>\n\n\n\n<li><strong>Obs!<\/strong> V\u00e4nta 1-2 arbetsdagar efter att du har f\u00e5tt din leveransbekr\u00e4ftelse innan sp\u00e5rningsuppdateringarna visas i transport\u00f6rens system.<\/li>\n<\/ul>\n\n\n\n<h2 class=\"wp-block-heading\">3. Avbest\u00e4llningar &amp; adress\u00e4ndringar<\/h2>\n\n\n\n<p>Vi behandlar best\u00e4llningar snabbt f\u00f6r att s\u00e4kerst\u00e4lla snabb leverans. D\u00e4rf\u00f6r har vi en strikt policy n\u00e4r det g\u00e4ller order\u00e4ndringar:<\/p>\n\n\n\n<ul class=\"wp-block-list\">\n<li><strong>F\u00f6re leverans:<\/strong> Du har m\u00f6jlighet att avbest\u00e4lla din order eller uppdatera din leveransadress n\u00e4r som helst innan produkterna l\u00e4mnar v\u00e5rt lager. V\u00e4nligen kontakta kundtj\u00e4nst omedelbart f\u00f6r att beg\u00e4ra \u00e4ndringar.<\/li>\n\n\n\n<li><strong>Efter leverans (avg\u00f6rande):<\/strong> N\u00e4r en best\u00e4llning har skickats och ett sp\u00e5rningsnummer har genererats kan vi absolut inte behandla avbokningar, utf\u00e4rda \u00e5terbetalningar eller \u00e4ndra leveransadressen. V\u00e4nligen dubbelkolla dina leveransuppgifter i kassan.<\/li>\n<\/ul>\n\n\n\n<h2 class=\"wp-block-heading\">4. Tull, avgifter och DDP-tj\u00e4nst (Delivery Duty Paid)<\/h2>\n\n\n\n<p>Vi \u00e4r stolta \u00f6ver att kunna erbjuda fraktmetoden DDP (Delivery Duty Paid) f\u00f6r m\u00e5nga av v\u00e5ra st\u00f6rre marknader. Detta \u00e4r en f\u00f6rstklassig och problemfri tj\u00e4nst f\u00f6r v\u00e5ra kunder.<\/p>\n\n\n\n<p><strong>Vad DDP betyder f\u00f6r dig:<\/strong> Om ditt land \u00e4r ber\u00e4ttigat till DDP hanterar vi alla tullklareringsf\u00f6rfaranden och betalar alla importskatter och tullar f\u00f6r din r\u00e4kning. Det pris du ser i kassan \u00e4r det slutliga priset. Du kommer inte att drabbas av n\u00e5gra dolda tullavgifter eller f\u00f6rseningar vid ankomst.<\/p>\n\n\n\n<h3 class=\"wp-block-heading\">Ber\u00e4ttigade DDP-regioner:<\/h3>\n\n\n\n<ul class=\"wp-block-list\">\n<li><strong>USA:<\/strong> Skickas med UPS Express (exklusive Alaska och Hawaii).<\/li>\n\n\n\n<li><strong>STORBRITANNIEN:<\/strong> Skickas via lokal DPD Express.<\/li>\n\n\n\n<li><strong>Europa:<\/strong> Levereras via UPS, DPD eller DHL Express.<\/li>\n<\/ul>\n\n\n\n<h2 class=\"wp-block-heading\">5. Leveranstider per land<\/h2>\n\n\n\n<p>Nedan finns en detaljerad lista \u00f6ver l\u00e4nder som \u00e4r ber\u00e4ttigade till v\u00e5r DDP-metod, tillsammans med ber\u00e4knade leveranstider. (Observera att detta \u00e4r uppskattade tidsramar och kan p\u00e5verkas av extremt v\u00e4der eller h\u00f6gs\u00e4song).<\/p>\n\n\n\n<figure class=\"wp-block-table\"><table class=\"has-fixed-layout\"><tbody><tr><td><strong>LAND&nbsp;<\/strong><\/td><td><strong>FRAKTMETOD<\/strong><\/td><td><strong>LEVERANSTID<\/strong><\/td><\/tr><tr><td>USA<\/td><td>Lokalt UPS Ground<\/td><td>10-15 dagar<\/td><\/tr><tr><td>STORBRITANNIEN<\/td><td>Lokal DPD Express<\/td><td>7-12 dagar<\/td><\/tr><tr><td>Tyskland<\/td><td>UPS\/DPD\/DHL Tyskland<\/td><td>8-13 dagar<\/td><\/tr><tr><td>Frankrike<\/td><td>UPS\/DPD\/DHL Tyskland<\/td><td>8-13 dagar<\/td><\/tr><tr><td>Belgien<\/td><td>UPS\/DPD\/DHL Tyskland<\/td><td>8-13 dagar<\/td><\/tr><tr><td>Luxemburg<\/td><td>UPS\/DPD\/DHL Tyskland<\/td><td>8-13 dagar<\/td><\/tr><tr><td>Nederl\u00e4nderna<\/td><td>UPS\/DPD\/DHL Tyskland<\/td><td>8-13 dagar<\/td><\/tr><tr><td>Tjeckien<\/td><td>UPS\/DPD\/DHL Tyskland<\/td><td>8-13 dagar<\/td><\/tr><tr><td>Polen<\/td><td>UPS\/DPD\/DHL Tyskland<\/td><td>8-13 dagar<\/td><\/tr><tr><td>Kroatien<\/td><td>UPS\/DPD\/DHL Tyskland<\/td><td>8-13 dagar<\/td><\/tr><tr><td>Slovakien<\/td><td>UPS\/DPD\/DHL Tyskland<\/td><td>8-13 dagar<\/td><\/tr><tr><td>Slovenien<\/td><td>UPS\/DPD\/DHL Tyskland<\/td><td>8-13 dagar<\/td><\/tr><tr><td>Finland<\/td><td>UPS\/DPD\/DHL Tyskland<\/td><td>8-13 dagar<\/td><\/tr><tr><td>Danmark<\/td><td>UPS\/DPD\/DHL Tyskland<\/td><td>8-13 dagar<\/td><\/tr><tr><td>Sverige<\/td><td>UPS\/DPD\/DHL Tyskland<\/td><td>8-13 dagar<\/td><\/tr><tr><td>\u00d6sterrike<\/td><td>UPS\/DPD\/DHL Tyskland<\/td><td>8-13 dagar<\/td><\/tr><tr><td>Italien<\/td><td>UPS\/DPD\/DHL Tyskland<\/td><td>8-13 dagar<\/td><\/tr><tr><td>Ungern<\/td><td>UPS\/DPD\/DHL Tyskland<\/td><td>8-13 dagar<\/td><\/tr><tr><td>Litauen<\/td><td>UPS\/DPD\/DHL Tyskland<\/td><td>8-13 dagar<\/td><\/tr><tr><td>Estland<\/td><td>UPS\/DPD\/DHL Tyskland<\/td><td>8-13 dagar<\/td><\/tr><tr><td>Lettland<\/td><td>UPS\/DPD\/DHL Tyskland<\/td><td>8-13 dagar<\/td><\/tr><tr><td>Grekland<\/td><td>UPS\/DPD\/DHL Tyskland<\/td><td>8-13 dagar<\/td><\/tr><tr><td>Irland<\/td><td>UPS\/DPD\/DHL Tyskland<\/td><td>8-13 dagar<\/td><\/tr><tr><td>Portugal<\/td><td>UPS\/DPD\/DHL Tyskland<\/td><td>8-13 dagar<\/td><\/tr><tr><td>Spanien<\/td><td>UPS\/DPD\/DHL Tyskland<\/td><td>8-13 dagar<\/td><\/tr><tr><td>F\u00f6renade Arabemiraten (Dubai)<\/td><td>S\u00e4rskild linje till Dubai<\/td><td>12-18 dagar<\/td><\/tr><tr><td>Sydafrika<\/td><td>Sydafrika dedikerad linje<\/td><td>15-25 dagar<\/td><\/tr><tr><td>Vietnam<\/td><td>Vietnam dedikerad linje<\/td><td>3-5 dagar<\/td><\/tr><tr><td>V\u00e4stra Malaysia<\/td><td>Malaysia dedikerad linje<\/td><td>4-8 dagar<\/td><\/tr><\/tbody><\/table><\/figure>","protected":false},"excerpt":{"rendered":"<p>At TOVANVAPE, we strive to provide our global customers with fast, reliable, and hassle-free shipping services. Please read our shipping policy carefully to understand our processing times, tracking procedures, and our premium DDP (Delivery Duty Paid) service. 1. Order Processing &amp; Shipping Times 2. Tracking Your Order 3. Order Cancellations &amp; Address Changes We process [&hellip;]<\/p>\n","protected":false},"author":1,"featured_media":0,"parent":0,"menu_order":0,"comment_status":"closed","ping_status":"closed","template":"","meta":{"_uag_custom_page_level_css":"","site-sidebar-layout":"default","site-content-layout":"","ast-site-content-layout":"default","site-content-style":"default","site-sidebar-style":"default","ast-global-header-display":"","ast-banner-title-visibility":"","ast-main-header-display":"","ast-hfb-above-header-display":"","ast-hfb-below-header-display":"","ast-hfb-mobile-header-display":"","site-post-title":"","ast-breadcrumbs-content":"","ast-featured-img":"","footer-sml-layout":"","ast-disable-related-posts":"","theme-transparent-header-meta":"","adv-header-id-meta":"","stick-header-meta":"","header-above-stick-meta":"","header-main-stick-meta":"","header-below-stick-meta":"","astra-migrate-meta-layouts":"set","ast-page-background-enabled":"default","ast-page-background-meta":{"desktop":{"background-color":"","background-image":"","background-repeat":"repeat","background-position":"center center","background-size":"auto","background-attachment":"scroll","background-type":"","background-media":"","overlay-type":"","overlay-color":"","overlay-opacity":"","overlay-gradient":""},"tablet":{"background-color":"","background-image":"","background-repeat":"repeat","background-position":"center center","background-size":"auto","background-attachment":"scroll","background-type":"","background-media":"","overlay-type":"","overlay-color":"","overlay-opacity":"","overlay-gradient":""},"mobile":{"background-color":"","background-image":"","background-repeat":"repeat","background-position":"center center","background-size":"auto","background-attachment":"scroll","background-type":"","background-media":"","overlay-type":"","overlay-color":"","overlay-opacity":"","overlay-gradient":""}},"ast-content-background-meta":{"desktop":{"background-color":"var(--ast-global-color-5)","background-image":"","background-repeat":"repeat","background-position":"center center","background-size":"auto","background-attachment":"scroll","background-type":"","background-media":"","overlay-type":"","overlay-color":"","overlay-opacity":"","overlay-gradient":""},"tablet":{"background-color":"var(--ast-global-color-5)","background-image":"","background-repeat":"repeat","background-position":"center center","background-size":"auto","background-attachment":"scroll","background-type":"","background-media":"","overlay-type":"","overlay-color":"","overlay-opacity":"","overlay-gradient":""},"mobile":{"background-color":"var(--ast-global-color-5)","background-image":"","background-repeat":"repeat","background-position":"center center","background-size":"auto","background-attachment":"scroll","background-type":"","background-media":"","overlay-type":"","overlay-color":"","overlay-opacity":"","overlay-gradient":""}},"footnotes":""},"class_list":["post-4012","page","type-page","status-publish","hentry"],"uagb_featured_image_src":{"full":false,"thumbnail":false,"medium":false,"medium_large":false,"large":false,"1536x1536":false,"2048x2048":false,"trp-custom-language-flag":false,"woocommerce_thumbnail":false,"woocommerce_single":false,"woocommerce_gallery_thumbnail":false},"uagb_author_info":{"display_name":"Allen Brooks | TOVANVAPE","author_link":"https:\/\/tovanvape.com\/sv\/author\/info137597info137597-com\/"},"uagb_comment_info":0,"uagb_excerpt":"At TOVANVAPE, we strive to provide our global customers with fast, reliable, and hassle-free shipping services. Please read our shipping policy carefully to understand our processing times, tracking procedures, and our premium DDP (Delivery Duty Paid) service. 1. Order Processing &amp; Shipping Times 2. Tracking Your Order 3. Order Cancellations &amp; Address Changes We process&hellip;","_links":{"self":[{"href":"https:\/\/tovanvape.com\/sv\/wp-json\/wp\/v2\/pages\/4012","targetHints":{"allow":["GET"]}}],"collection":[{"href":"https:\/\/tovanvape.com\/sv\/wp-json\/wp\/v2\/pages"}],"about":[{"href":"https:\/\/tovanvape.com\/sv\/wp-json\/wp\/v2\/types\/page"}],"author":[{"embeddable":true,"href":"https:\/\/tovanvape.com\/sv\/wp-json\/wp\/v2\/users\/1"}],"replies":[{"embeddable":true,"href":"https:\/\/tovanvape.com\/sv\/wp-json\/wp\/v2\/comments?post=4012"}],"version-history":[{"count":4,"href":"https:\/\/tovanvape.com\/sv\/wp-json\/wp\/v2\/pages\/4012\/revisions"}],"predecessor-version":[{"id":4250,"href":"https:\/\/tovanvape.com\/sv\/wp-json\/wp\/v2\/pages\/4012\/revisions\/4250"}],"wp:attachment":[{"href":"https:\/\/tovanvape.com\/sv\/wp-json\/wp\/v2\/media?parent=4012"}],"curies":[{"name":"wp","href":"https:\/\/api.w.org\/{rel}","templated":true}]}}